{"id":26168,"date":"2023-11-11T09:21:40","date_gmt":"2023-11-11T09:21:40","guid":{"rendered":"https:\/\/ipris.digital\/implementing_partners\/"},"modified":"2023-11-11T09:21:40","modified_gmt":"2023-11-11T09:21:40","slug":"partenaires-de-mise-en-oeuvre","status":"publish","type":"page","link":"https:\/\/ipris-test.dsv.su.se\/index.php\/partenaires-de-mise-en-oeuvre\/","title":{"rendered":"Partenaires de mise en \u0153uvre"},"content":{"rendered":"<p>[et_pb_section fb_built=&#8221;1&#8243; custom_padding_last_edited=&#8221;on|desktop&#8221; _builder_version=&#8221;4.23.1&#8243; _module_preset=&#8221;default&#8221; background_color=&#8221;#9E0372&#8243; use_background_color_gradient=&#8221;on&#8221; background_color_gradient_stops=&#8221;rgba(158,3,114,0.78) 0%|#9e0372 99%&#8221; background_color_gradient_overlays_image=&#8221;on&#8221; background_image=&#8221;https:\/\/ipris-test.dsv.su.se\/wp-content\/uploads\/2023\/11\/Blog.webp&#8221; custom_padding=&#8221;||||false|false&#8221; custom_padding_tablet=&#8221;10rem||2rem||false|false&#8221; custom_padding_phone=&#8221;0rem||2rem||false|false&#8221; locked=&#8221;off&#8221; global_colors_info=&#8221;{}&#8221;][et_pb_row _builder_version=&#8221;4.23.1&#8243; _module_preset=&#8221;default&#8221; custom_padding=&#8221;||0px|||&#8221; global_colors_info=&#8221;{}&#8221;][et_pb_column type=&#8221;4_4&#8243; _builder_version=&#8221;4.23.1&#8243; _module_preset=&#8221;default&#8221; global_colors_info=&#8221;{}&#8221;][et_pb_text _builder_version=&#8221;4.23.1&#8243; _dynamic_attributes=&#8221;content&#8221; _module_preset=&#8221;default&#8221; text_font=&#8221;|800|||||||&#8221; text_text_color=&#8221;#FFFFFF&#8221; text_font_size=&#8221;32px&#8221; header_font=&#8221;|800||on|||||&#8221; header_font_size=&#8221;32px&#8221; header_line_height=&#8221;1.1em&#8221; custom_padding=&#8221;||8px||false|false&#8221; text_font_size_tablet=&#8221;32px&#8221; text_font_size_phone=&#8221;20px&#8221; text_font_size_last_edited=&#8221;on|phone&#8221; custom_css_before=&#8221;content:%22%22;||position:absolute;||bottom:-2px;||left:0;||height:4px;||width:4rem;||background-color:#f56200;&#8221; border_color_all=&#8221;#F56200&#8243; border_width_bottom=&#8221;1px&#8221; global_colors_info=&#8221;{}&#8221;]@ET-DC@eyJkeW5hbWljIjp0cnVlLCJjb250ZW50IjoicG9zdF90aXRsZSIsInNldHRpbmdzIjp7ImJlZm9yZSI6IiIsImFmdGVyIjoiIn19@[\/et_pb_text][\/et_pb_column][\/et_pb_row][\/et_pb_section][et_pb_section fb_built=&#8221;1&#8243; _builder_version=&#8221;4.23.1&#8243; _module_preset=&#8221;default&#8221; custom_margin=&#8221;-19px|||||&#8221; global_colors_info=&#8221;{}&#8221;][et_pb_row column_structure=&#8221;2_5,3_5&#8243; module_id=&#8221;SPIDER&#8221; _builder_version=&#8221;4.23.1&#8243; _module_preset=&#8221;default&#8221; custom_padding=&#8221;||0px|||&#8221; border_width_bottom=&#8221;1px&#8221; border_color_bottom=&#8221;#F56200&#8243; global_colors_info=&#8221;{}&#8221;][et_pb_column type=&#8221;2_5&#8243; _builder_version=&#8221;4.23.1&#8243; _module_preset=&#8221;default&#8221; global_colors_info=&#8221;{}&#8221;][et_pb_image src=&#8221;https:\/\/ipris-test.dsv.su.se\/wp-content\/uploads\/2023\/12\/SPIDER-Signal-Full-logo-with-subtitle-copy.png&#8221; title_text=&#8221;SPIDER Signal Full logo with subtitle copy&#8221; align=&#8221;center&#8221; _builder_version=&#8221;4.23.1&#8243; _module_preset=&#8221;default&#8221; global_colors_info=&#8221;{}&#8221;][\/et_pb_image][\/et_pb_column][et_pb_column type=&#8221;3_5&#8243; _builder_version=&#8221;4.23.1&#8243; _module_preset=&#8221;default&#8221; global_colors_info=&#8221;{}&#8221;][et_pb_text _builder_version=&#8221;4.23.1&#8243; _module_preset=&#8221;default&#8221; header_2_font=&#8221;|700|||||||&#8221; header_2_text_align=&#8221;left&#8221; header_2_text_color=&#8221;#9E0372&#8243; header_2_font_size=&#8221;25px&#8221; header_3_font=&#8221;|800|||||||&#8221; header_3_text_color=&#8221;#9E0372&#8243; background_enable_color=&#8221;off&#8221; header_2_font_size_tablet=&#8221;30px&#8221; header_2_font_size_phone=&#8221;22px&#8221; header_2_font_size_last_edited=&#8221;on|desktop&#8221; custom_css_before=&#8221;content:%22%22;||position:absolute;||bottom:-2px;||left:0;||height:4px;||width:4rem;||background-color:#9e0372;&#8221; border_width_bottom=&#8221;1px&#8221; border_color_bottom=&#8221;#D8D8D8&#8243; global_colors_info=&#8221;{}&#8221;]<\/p>\n<h2>SPIDER (le programme su\u00e9dois pour les TIC dans les r\u00e9gions en d\u00e9veloppement)<\/h2>\n<p>[\/et_pb_text][et_pb_text _builder_version=&#8221;4.23.1&#8243; _module_preset=&#8221;default&#8221; text_orientation=&#8221;justified&#8221; global_colors_info=&#8221;{}&#8221;]SPIDER (le Programme su\u00e9dois pour les TIC dans les r\u00e9gions en d\u00e9veloppement) est un centre d&#8217;habilitation ind\u00e9pendant bas\u00e9 au d\u00e9partement des sciences informatiques et des syst\u00e8mes de l&#8217;universit\u00e9 de Stockholm. Depuis 2004, SPIDER \u0153uvre \u00e0 la digitalisation inclusive afin d&#8217;atteindre les ODD, devenant un centre public ind\u00e9pendant avec des programmes innovants en Afrique, en Asie et en Am\u00e9rique latine. Gr\u00e2ce \u00e0 ses r\u00e9seaux mondiaux, SPIDER propose des initiatives cibl\u00e9es de d\u00e9veloppement professionnel et de renforcement des capacit\u00e9s. Cette approche collaborative permet au d\u00e9veloppement international num\u00e9rique de progresser de mani\u00e8re innovante et avec un impact fort.<\/p>\n<p><a href=\"https:\/\/spidercenter.org\/\">Visitez leur site web<\/a>[\/et_pb_text][\/et_pb_column][\/et_pb_row][et_pb_row column_structure=&#8221;2_5,3_5&#8243; module_id=&#8221;PTS&#8221; _builder_version=&#8221;4.23.1&#8243; _module_preset=&#8221;default&#8221; custom_padding=&#8221;||0px|||&#8221; global_colors_info=&#8221;{}&#8221;][et_pb_column type=&#8221;2_5&#8243; _builder_version=&#8221;4.23.1&#8243; _module_preset=&#8221;default&#8221; global_colors_info=&#8221;{}&#8221;][et_pb_image src=&#8221;https:\/\/ipris-test.dsv.su.se\/wp-content\/uploads\/2023\/12\/pts.png&#8221; title_text=&#8221;pts&#8221; align=&#8221;center&#8221; _builder_version=&#8221;4.23.1&#8243; _module_preset=&#8221;default&#8221; global_colors_info=&#8221;{}&#8221;][\/et_pb_image][\/et_pb_column][et_pb_column type=&#8221;3_5&#8243; _builder_version=&#8221;4.23.1&#8243; _module_preset=&#8221;default&#8221; global_colors_info=&#8221;{}&#8221;][et_pb_text _builder_version=&#8221;4.23.1&#8243; _module_preset=&#8221;default&#8221; header_2_font=&#8221;|700|||||||&#8221; header_2_text_align=&#8221;left&#8221; header_2_text_color=&#8221;#9E0372&#8243; header_2_font_size=&#8221;25px&#8221; header_3_font=&#8221;|800|||||||&#8221; header_3_text_color=&#8221;#9E0372&#8243; background_enable_color=&#8221;off&#8221; header_2_font_size_tablet=&#8221;30px&#8221; header_2_font_size_phone=&#8221;22px&#8221; header_2_font_size_last_edited=&#8221;on|desktop&#8221; custom_css_before=&#8221;content:%22%22;||position:absolute;||bottom:-2px;||left:0;||height:4px;||width:4rem;||background-color:#9e0372;&#8221; border_width_bottom=&#8221;1px&#8221; border_color_bottom=&#8221;#D8D8D8&#8243; global_colors_info=&#8221;{}&#8221;]<\/p>\n<h2>L&#8217;autorit\u00e9 su\u00e9doise des postes et t\u00e9l\u00e9communications (PTS)<\/h2>\n<p>[\/et_pb_text][et_pb_text _builder_version=&#8221;4.23.1&#8243; _module_preset=&#8221;default&#8221; text_orientation=&#8221;justified&#8221; global_colors_info=&#8221;{}&#8221;]<\/p>\n<p>L&#8217;Autorit\u00e9 su\u00e9doise des postes et t\u00e9l\u00e9communications (PTS) joue un r\u00f4le essentiel dans la supervision des secteurs des communications \u00e9lectroniques et des services postaux. Elle est l&#8217;une des 22 autorit\u00e9s strat\u00e9giques charg\u00e9es de r\u00e9aliser les objectifs du gouvernement en mati\u00e8re des TIC. Plac\u00e9 sous la tutelle du minist\u00e8re su\u00e9dois des infrastructures et dirig\u00e9 par un conseil d&#8217;administration nomm\u00e9 par le gouvernement, PTS est un acteur cl\u00e9 du paysage r\u00e9glementaire su\u00e9dois.<br \/>\nAvant iPRIS, PTS a particip\u00e9 au programme de renforcement des capacit\u00e9s allant de 2013 \u00e0 2022 et couvrant plus de 20 pays d&#8217;Afrique subsaharienne. En collaboration avec SPIDER, PTS a soutenu plus de 100 initiatives de changement, engageant plus de 200 participants d\u00e9di\u00e9s \u00e0 l&#8217;am\u00e9lioration de la r\u00e9gulation dans le secteur des TIC.<\/p>\n<p><a href=\"https:\/\/www.pts.se\/en\/\"><span style=\"font-weight: 400;\">Visitez leur site web<\/span><\/a><\/p>\n<p>&nbsp;<\/p>\n<p>[\/et_pb_text][\/et_pb_column][\/et_pb_row][et_pb_row column_structure=&#8221;2_5,3_5&#8243; module_id=&#8221;ILR&#8221; _builder_version=&#8221;4.23.1&#8243; _module_preset=&#8221;default&#8221; custom_padding=&#8221;||0px|||&#8221; border_width_bottom=&#8221;1px&#8221; border_color_bottom=&#8221;#F56200&#8243; global_colors_info=&#8221;{}&#8221;][et_pb_column type=&#8221;2_5&#8243; _builder_version=&#8221;4.23.1&#8243; _module_preset=&#8221;default&#8221; global_colors_info=&#8221;{}&#8221;][et_pb_image src=&#8221;https:\/\/ipris-test.dsv.su.se\/wp-content\/uploads\/2023\/12\/ilr.png&#8221; title_text=&#8221;ilr&#8221; align=&#8221;center&#8221; _builder_version=&#8221;4.23.1&#8243; _module_preset=&#8221;default&#8221; global_colors_info=&#8221;{}&#8221;][\/et_pb_image][\/et_pb_column][et_pb_column type=&#8221;3_5&#8243; _builder_version=&#8221;4.23.1&#8243; _module_preset=&#8221;default&#8221; global_colors_info=&#8221;{}&#8221;][et_pb_text _builder_version=&#8221;4.23.1&#8243; _module_preset=&#8221;default&#8221; header_2_font=&#8221;|700|||||||&#8221; header_2_text_align=&#8221;left&#8221; header_2_text_color=&#8221;#9E0372&#8243; header_2_font_size=&#8221;25px&#8221; header_3_font=&#8221;|800|||||||&#8221; header_3_text_color=&#8221;#9E0372&#8243; background_enable_color=&#8221;off&#8221; header_2_font_size_tablet=&#8221;30px&#8221; header_2_font_size_phone=&#8221;22px&#8221; header_2_font_size_last_edited=&#8221;on|desktop&#8221; custom_css_before=&#8221;content:%22%22;||position:absolute;||bottom:-2px;||left:0;||height:4px;||width:4rem;||background-color:#9e0372;&#8221; border_width_bottom=&#8221;1px&#8221; border_color_bottom=&#8221;#D8D8D8&#8243; global_colors_info=&#8221;{}&#8221;]<\/p>\n<h2>L&#8217;Institut luxembourgeois de r\u00e9gulation (ILR)<\/h2>\n<p>[\/et_pb_text][et_pb_text _builder_version=&#8221;4.23.1&#8243; _module_preset=&#8221;default&#8221; text_orientation=&#8221;justified&#8221; global_colors_info=&#8221;{}&#8221;]<\/p>\n<p>L&#8217;Institut luxembourgeois de r\u00e9gulation (ILR) est une entit\u00e9-cl\u00e9 charg\u00e9e d&#8217;assurer et de superviser les affaires r\u00e9glementaires. Il joue \u00e9galement le r\u00f4le de m\u00e9diateur dans les litiges concernant divers secteurs \u00e9conomiques. Ces secteurs comprennent les communications \u00e9lectroniques, l&#8217;\u00e9lectricit\u00e9, le gaz naturel, les services postaux, les transports et les radiofr\u00e9quences. L&#8217;ILR a pour mission de garantir et de superviser le bon fonctionnement des march\u00e9s dans l&#8217;int\u00e9r\u00eat des consommateurs, en s&#8217;appuyant sur une concurrence efficace et durable, tout en assurant un service universel fondamental.<\/p>\n<p><a href=\"https:\/\/web.ilr.lu\/FR\/ILR\">Visitez leur site web<\/a><\/p>\n<p>[\/et_pb_text][\/et_pb_column][\/et_pb_row][\/et_pb_section][et_pb_section fb_built=&#8221;1&#8243; admin_label=&#8221;Footer French&#8221; _builder_version=&#8221;4.23.1&#8243; _module_preset=&#8221;default&#8221; background_color=&#8221;#9E0372&#8243; custom_padding=&#8221;0px||0px|||&#8221; global_module=&#8221;26489&#8243; locked=&#8221;off&#8221; collapsed=&#8221;off&#8221; global_colors_info=&#8221;{}&#8221;][et_pb_row column_structure=&#8221;1_3,1_3,1_3&#8243; use_custom_gutter=&#8221;on&#8221; make_equal=&#8221;on&#8221; _builder_version=&#8221;4.23.1&#8243; _module_preset=&#8221;default&#8221; width=&#8221;90%&#8221; global_colors_info=&#8221;{}&#8221;][et_pb_column type=&#8221;1_3&#8243; _builder_version=&#8221;4.23.1&#8243; _module_preset=&#8221;default&#8221; global_colors_info=&#8221;{}&#8221;][et_pb_text _builder_version=&#8221;4.23.1&#8243; _module_preset=&#8221;default&#8221; header_4_font=&#8221;|700|||||||&#8221; header_4_text_color=&#8221;#FFFFFF&#8221; global_colors_info=&#8221;{}&#8221;]<\/p>\n<h4>Liens rapides<\/h4>\n<p>[\/et_pb_text][et_pb_text _builder_version=&#8221;4.23.1&#8243; _dynamic_attributes=&#8221;link_option_url&#8221; _module_preset=&#8221;default&#8221; text_text_color=&#8221;#FFFFFF&#8221; link_option_url=&#8221;@ET-DC@eyJkeW5hbWljIjp0cnVlLCJjb250ZW50IjoiaG9tZV91cmwiLCJzZXR0aW5ncyI6e319@&#8221; global_colors_info=&#8221;{}&#8221;]<\/p>\n<p><span style=\"font-weight: 400;\">Accueil<\/span><\/p>\n<p>[\/et_pb_text][et_pb_text _builder_version=&#8221;4.23.1&#8243; _dynamic_attributes=&#8221;link_option_url&#8221; _module_preset=&#8221;default&#8221; text_text_color=&#8221;#FFFFFF&#8221; link_option_url=&#8221;@ET-DC@eyJkeW5hbWljIjp0cnVlLCJjb250ZW50IjoicG9zdF9saW5rX3VybF9wYWdlIiwic2V0dGluZ3MiOnsicG9zdF9pZCI6IjcwIn19@&#8221; global_colors_info=&#8221;{}&#8221;]<\/p>\n<p>Actualit\u00e9s<\/p>\n<p>[\/et_pb_text][et_pb_code _builder_version=&#8221;4.23.1&#8243; _module_preset=&#8221;default&#8221; global_colors_info=&#8221;{}&#8221;][\/et_pb_code][et_pb_code _builder_version=&#8221;4.23.1&#8243; _module_preset=&#8221;default&#8221; global_colors_info=&#8221;{}&#8221;][\/et_pb_code][\/et_pb_column][et_pb_column type=&#8221;1_3&#8243; _builder_version=&#8221;4.23.1&#8243; _module_preset=&#8221;default&#8221; global_colors_info=&#8221;{}&#8221;][et_pb_text _builder_version=&#8221;4.23.1&#8243; _module_preset=&#8221;default&#8221; header_4_font=&#8221;|700|||||||&#8221; header_4_text_color=&#8221;#FFFFFF&#8221; global_colors_info=&#8221;{}&#8221;]<\/p>\n<h4>Contacts<\/h4>\n<p>[\/et_pb_text][et_pb_text _builder_version=&#8221;4.23.1&#8243; _module_preset=&#8221;default&#8221; text_text_color=&#8221;#f4f4f4&#8243; text_line_height=&#8221;2em&#8221; global_colors_info=&#8221;{}&#8221;]Borgarfjordsgatan 12, Kista, SU\u00c8DE<br \/>\nAdresse postale : Universit\u00e9 de Stockholm, D\u00e9partement des sciences de l&#8217;informatique et des syst\u00e8mes\/DSV, SPIDER, P.O Box 1073, SE-164 25 Kista, Su\u00e8de[\/et_pb_text][\/et_pb_column][et_pb_column type=&#8221;1_3&#8243; _builder_version=&#8221;4.23.1&#8243; _module_preset=&#8221;default&#8221; global_colors_info=&#8221;{}&#8221;][et_pb_text _builder_version=&#8221;4.23.1&#8243; _module_preset=&#8221;default&#8221; header_4_font=&#8221;|700|||||||&#8221; header_4_text_color=&#8221;#FFFFFF&#8221; global_colors_info=&#8221;{}&#8221;]<\/p>\n<h4>Abonnez-vous<\/h4>\n<p>[\/et_pb_text][et_pb_code _builder_version=&#8221;4.23.1&#8243; _module_preset=&#8221;default&#8221; custom_margin=&#8221;||||false|false&#8221; custom_margin_tablet=&#8221;-26px|||||&#8221; custom_margin_phone=&#8221;-26px|||||&#8221; custom_margin_last_edited=&#8221;on|desktop&#8221; global_colors_info=&#8221;{}&#8221;][quform id=&#8221;2&#8243; name=&#8221;Subscription Form FR&#8221;][\/et_pb_code][et_pb_social_media_follow icon_color=&#8221;#FFFFFF&#8221; _builder_version=&#8221;4.23.1&#8243; _module_preset=&#8221;default&#8221; custom_padding=&#8221;||||false|false&#8221; border_radii=&#8221;on|100px|100px|100px|100px&#8221; global_colors_info=&#8221;{}&#8221;][et_pb_social_media_follow_network social_network=&#8221;twitter&#8221; url=&#8221;https:\/\/twitter.com\/iPRIS_digital&#8221; _builder_version=&#8221;4.23.1&#8243; _module_preset=&#8221;default&#8221; global_colors_info=&#8221;{}&#8221; follow_button=&#8221;off&#8221; url_new_window=&#8221;on&#8221;]X[\/et_pb_social_media_follow_network][et_pb_social_media_follow_network social_network=&#8221;linkedin&#8221; url=&#8221;https:\/\/www.linkedin.com\/company\/ipris-project\/%20&#8243; _builder_version=&#8221;4.23.1&#8243; _module_preset=&#8221;default&#8221; global_colors_info=&#8221;{}&#8221; follow_button=&#8221;off&#8221; url_new_window=&#8221;on&#8221;]linkedin[\/et_pb_social_media_follow_network][et_pb_social_media_follow_network social_network=&#8221;instagram&#8221; url=&#8221;https:\/\/www.instagram.com\/ipris_digital\/&#8221; _builder_version=&#8221;4.23.1&#8243; _module_preset=&#8221;default&#8221; global_colors_info=&#8221;{}&#8221; follow_button=&#8221;off&#8221; url_new_window=&#8221;on&#8221;]instagram[\/et_pb_social_media_follow_network][et_pb_social_media_follow_network social_network=&#8221;youtube&#8221; url=&#8221;https:\/\/youtube.com\/@iPRISDigital?si=5zc6doxNWbAiq_jphttps:\/\/www.youtube.com\/channel\/UC4FUqvRkm0GcFYNh-OJ6Spw&#8221; _builder_version=&#8221;4.23.1&#8243; _module_preset=&#8221;default&#8221; global_colors_info=&#8221;{}&#8221; follow_button=&#8221;off&#8221; url_new_window=&#8221;on&#8221;]youtube[\/et_pb_social_media_follow_network][et_pb_social_media_follow_network social_network=&#8221;flikr&#8221; url=&#8221;https:\/\/www.flickr.com\/photos\/199674358@N05\/albums&#8221; _builder_version=&#8221;4.23.1&#8243; _module_preset=&#8221;default&#8221; global_colors_info=&#8221;{}&#8221; follow_button=&#8221;off&#8221; url_new_window=&#8221;on&#8221;]flikr[\/et_pb_social_media_follow_network][et_pb_social_media_follow_network social_network=&#8221;spotify&#8221; url=&#8221;https:\/\/open.spotify.com\/show\/6VqIH8WWLeceA4oB1MUEtd?si=c8a82edcc0ac45fb&#8221; _builder_version=&#8221;4.23.1&#8243; _module_preset=&#8221;default&#8221; global_colors_info=&#8221;{}&#8221; follow_button=&#8221;off&#8221; url_new_window=&#8221;on&#8221;]spotify[\/et_pb_social_media_follow_network][\/et_pb_social_media_follow][\/et_pb_column][\/et_pb_row][\/et_pb_section][et_pb_section fb_built=&#8221;1&#8243; admin_label=&#8221;Logo Strip French&#8221; _builder_version=&#8221;4.23.1&#8243; _module_preset=&#8221;default&#8221; background_color=&#8221;#f7ece3&#8243; custom_padding=&#8221;0px||0px|||&#8221; global_module=&#8221;26493&#8243; collapsed=&#8221;off&#8221; global_colors_info=&#8221;{}&#8221;][et_pb_row column_structure=&#8221;1_4,1_4,1_4,1_4&#8243; use_custom_gutter=&#8221;on&#8221; gutter_width=&#8221;1&#8243; make_equal=&#8221;on&#8221; disabled_on=&#8221;on|off|off&#8221; _builder_version=&#8221;4.23.1&#8243; _module_preset=&#8221;default&#8221; background_enable_color=&#8221;off&#8221; max_width=&#8221;2560px&#8221; module_alignment=&#8221;center&#8221; custom_padding=&#8221;8px||0px|||&#8221; global_colors_info=&#8221;{}&#8221;][et_pb_column type=&#8221;1_4&#8243; _builder_version=&#8221;4.23.1&#8243; _module_preset=&#8221;default&#8221; custom_padding=&#8221;0px|0px|0px|0px|true|true&#8221; custom_css_main_element=&#8221;width: 10% !important;&#8221; global_colors_info=&#8221;{}&#8221;][et_pb_image src=&#8221;https:\/\/ipris-test.dsv.su.se\/wp-content\/uploads\/2023\/12\/normal-reproduction-high-resolution.jpg&#8221; title_text=&#8221;normal-reproduction-high-resolution&#8221; show_bottom_space=&#8221;off&#8221; align=&#8221;center&#8221; _builder_version=&#8221;4.23.1&#8243; _module_preset=&#8221;default&#8221; width=&#8221;67%&#8221; custom_margin=&#8221;5px||||false|false&#8221; global_colors_info=&#8221;{}&#8221;][\/et_pb_image][\/et_pb_column][et_pb_column type=&#8221;1_4&#8243; _builder_version=&#8221;4.23.1&#8243; _module_preset=&#8221;default&#8221; custom_css_main_element=&#8221;width: 45% !important;&#8221; global_colors_info=&#8221;{}&#8221;][et_pb_text _builder_version=&#8221;4.23.1&#8243; _module_preset=&#8221;default&#8221; text_text_color=&#8221;#000000&#8243; text_font_size=&#8221;13px&#8221; text_line_height=&#8221;1.3em&#8221; global_colors_info=&#8221;{}&#8221;]<\/p>\n<p>&#8220;iPRIS est un projet soutenu dans le cadre de l&#8217;initiative Team Europe&#8221;D4D pour l&#8217;\u00e9conomie num\u00e9rique et la soci\u00e9t\u00e9 en Afrique subsaharienne&#8221; (Code : 001). Le projet est rendu possible gr\u00e2ce au cofinancement de l&#8217;UE, de la Su\u00e8de et du Luxembourg. Le contenu de ce site web rel\u00e8ve de la seule responsabilit\u00e9 des partenaires de mise en \u0153uvre et ne r\u00e9fl\u00e8te pas n\u00e9cessairement les vues de l&#8217;Union Europ\u00e9enne, de la Su\u00e8de ou du Luxembourg&#8221;<\/p>\n<p>[\/et_pb_text][\/et_pb_column][et_pb_column type=&#8221;1_4&#8243; _builder_version=&#8221;4.23.1&#8243; _module_preset=&#8221;default&#8221; custom_css_main_element=&#8221;width: 15% !important;&#8221; global_colors_info=&#8221;{}&#8221;][et_pb_image src=&#8221;https:\/\/ipris-test.dsv.su.se\/wp-content\/uploads\/2023\/11\/Screenshot_2023-11-22_at_09.43.27-removebg-preview.png&#8221; title_text=&#8221;Screenshot_2023-11-22_at_09.43.27-removebg-preview&#8221; _builder_version=&#8221;4.23.1&#8243; _module_preset=&#8221;default&#8221; custom_padding=&#8221;0px||0px||true|false&#8221; global_colors_info=&#8221;{}&#8221;][\/et_pb_image][\/et_pb_column][et_pb_column type=&#8221;1_4&#8243; _builder_version=&#8221;4.23.1&#8243; _module_preset=&#8221;default&#8221; custom_css_main_element=&#8221;width: 15% !important;&#8221; global_colors_info=&#8221;{}&#8221;][et_pb_image src=&#8221;https:\/\/ipris-test.dsv.su.se\/wp-content\/uploads\/2023\/11\/lux.png&#8221; title_text=&#8221;lux&#8221; _builder_version=&#8221;4.23.1&#8243; _module_preset=&#8221;default&#8221; custom_padding=&#8221;0px||0px||true|false&#8221; global_colors_info=&#8221;{}&#8221;][\/et_pb_image][\/et_pb_column][\/et_pb_row][et_pb_row column_structure=&#8221;1_3,1_3,1_3&#8243; disabled_on=&#8221;off|on|on&#8221; _builder_version=&#8221;4.23.1&#8243; _module_preset=&#8221;default&#8221; background_enable_color=&#8221;off&#8221; width=&#8221;100%&#8221; custom_padding=&#8221;|5px|0px|5px|false|true&#8221; custom_css_main_element=&#8221;display: flex;&#8221; global_colors_info=&#8221;{}&#8221;][et_pb_column type=&#8221;1_3&#8243; _builder_version=&#8221;4.23.1&#8243; _module_preset=&#8221;default&#8221; custom_css_main_element=&#8221;width: 15% !important;&#8221; global_colors_info=&#8221;{}&#8221;][et_pb_image src=&#8221;https:\/\/ipris-test.dsv.su.se\/wp-content\/uploads\/2023\/12\/normal-reproduction-high-resolution.jpg&#8221; title_text=&#8221;normal-reproduction-high-resolution&#8221; align=&#8221;right&#8221; _builder_version=&#8221;4.23.1&#8243; _module_preset=&#8221;default&#8221; global_colors_info=&#8221;{}&#8221;][\/et_pb_image][\/et_pb_column][et_pb_column type=&#8221;1_3&#8243; _builder_version=&#8221;4.23.1&#8243; _module_preset=&#8221;default&#8221; custom_padding=&#8221;|5px||5px|false|true&#8221; custom_css_main_element=&#8221;width: 50% !important;&#8221; global_colors_info=&#8221;{}&#8221;][et_pb_text _builder_version=&#8221;4.23.1&#8243; _module_preset=&#8221;default&#8221; text_line_height=&#8221;1.4em&#8221; text_font_size_tablet=&#8221;&#8221; text_font_size_phone=&#8221;9px&#8221; text_font_size_last_edited=&#8221;on|phone&#8221; global_colors_info=&#8221;{}&#8221;]<\/p>\n<p>&#8220;iPRIS est un projet soutenu dans le cadre de l&#8217;initiative Team Europe&#8221;D4D pour l&#8217;\u00e9conomie num\u00e9rique et la soci\u00e9t\u00e9 en Afrique subsaharienne&#8221; (Code : 001). Le projet est rendu possible gr\u00e2ce au cofinancement de l&#8217;UE, de la Su\u00e8de et du Luxembourg. Le contenu de ce site web rel\u00e8ve de la seule responsabilit\u00e9 des partenaires de mise en \u0153uvre et ne r\u00e9fl\u00e8te pas n\u00e9cessairement les vues de l&#8217;Union Europ\u00e9enne, de la Su\u00e8de ou du Luxembourg&#8221;<\/p>\n<p>[\/et_pb_text][\/et_pb_column][et_pb_column type=&#8221;1_3&#8243; _builder_version=&#8221;4.23.1&#8243; _module_preset=&#8221;default&#8221; custom_css_main_element=&#8221;width: 30% !important;&#8221; global_colors_info=&#8221;{}&#8221;][et_pb_image src=&#8221;https:\/\/ipris-test.dsv.su.se\/wp-content\/uploads\/2023\/11\/Screenshot_2023-11-22_at_09.43.27-removebg-preview.png&#8221; title_text=&#8221;Screenshot_2023-11-22_at_09.43.27-removebg-preview&#8221; _builder_version=&#8221;4.23.1&#8243; _module_preset=&#8221;default&#8221; custom_margin=&#8221;0px||0px||true|false&#8221; custom_padding=&#8221;0px||0px||true|false&#8221; global_colors_info=&#8221;{}&#8221;][\/et_pb_image][et_pb_image src=&#8221;https:\/\/ipris-test.dsv.su.se\/wp-content\/uploads\/2023\/11\/lux.png&#8221; title_text=&#8221;lux&#8221; _builder_version=&#8221;4.23.1&#8243; _module_preset=&#8221;default&#8221; custom_margin=&#8221;0px||0px||true|false&#8221; custom_padding=&#8221;0px||0px||true|false&#8221; global_colors_info=&#8221;{}&#8221;][\/et_pb_image][\/et_pb_column][\/et_pb_row][\/et_pb_section][et_pb_section fb_built=&#8221;1&#8243; admin_label=&#8221;Copyright French&#8221; _builder_version=&#8221;4.23.1&#8243; _module_preset=&#8221;default&#8221; background_color=&#8221;#9E0372&#8243; custom_padding=&#8221;0px||0px|||&#8221; global_module=&#8221;26494&#8243; locked=&#8221;off&#8221; collapsed=&#8221;off&#8221; global_colors_info=&#8221;{}&#8221;][et_pb_row _builder_version=&#8221;4.23.1&#8243; _module_preset=&#8221;default&#8221; background_color=&#8221;#9E0372&#8243; custom_padding=&#8221;1rem||1rem||false|false&#8221; collapsed=&#8221;on&#8221; global_colors_info=&#8221;{}&#8221;<br \/>\n][et_pb_column type=&#8221;4_4&#8243; _builder_version=&#8221;4.23.1&#8243; _module_preset=&#8221;default&#8221; global_colors_info=&#8221;{}&#8221;][et_pb_text _builder_version=&#8221;4.23.1&#8243; _module_preset=&#8221;default&#8221; text_text_color=&#8221;#f4f4f4&#8243; text_line_height=&#8221;2em&#8221; global_colors_info=&#8221;{}&#8221;]<\/p>\n<p style=\"text-align: center;\">\u00a9 2024 iPRIS. Tous droits r\u00e9serv\u00e9s.<\/p>\n<p>[\/et_pb_text][\/et_pb_column][\/et_pb_row][\/et_pb_section]<\/p>\n","protected":false},"excerpt":{"rendered":"<p>SPIDER (le programme su\u00e9dois pour les TIC dans les r\u00e9gions en d\u00e9veloppement)SPIDER (le Programme su\u00e9dois pour les TIC dans les r\u00e9gions en d\u00e9veloppement) est un centre d&#8217;habilitation ind\u00e9pendant bas\u00e9 au d\u00e9partement des sciences informatiques et des syst\u00e8mes de l&#8217;universit\u00e9 de Stockholm. Depuis 2004, SPIDER \u0153uvre \u00e0 la digitalisation inclusive afin d&#8217;atteindre les ODD, devenant un [&hellip;]<\/p>\n","protected":false},"author":2,"featured_media":0,"parent":0,"menu_order":0,"comment_status":"closed","ping_status":"closed","template":"","meta":{"_et_pb_use_builder":"on","_et_pb_old_content":"","_et_gb_content_width":"","footnotes":""},"class_list":["post-26168","page","type-page","status-publish","hentry"],"_links":{"self":[{"href":"https:\/\/ipris-test.dsv.su.se\/index.php\/wp-json\/wp\/v2\/pages\/26168","targetHints":{"allow":["GET"]}}],"collection":[{"href":"https:\/\/ipris-test.dsv.su.se\/index.php\/wp-json\/wp\/v2\/pages"}],"about":[{"href":"https:\/\/ipris-test.dsv.su.se\/index.php\/wp-json\/wp\/v2\/types\/page"}],"author":[{"embeddable":true,"href":"https:\/\/ipris-test.dsv.su.se\/index.php\/wp-json\/wp\/v2\/users\/2"}],"replies":[{"embeddable":true,"href":"https:\/\/ipris-test.dsv.su.se\/index.php\/wp-json\/wp\/v2\/comments?post=26168"}],"version-history":[{"count":0,"href":"https:\/\/ipris-test.dsv.su.se\/index.php\/wp-json\/wp\/v2\/pages\/26168\/revisions"}],"wp:attachment":[{"href":"https:\/\/ipris-test.dsv.su.se\/index.php\/wp-json\/wp\/v2\/media?parent=26168"}],"curies":[{"name":"wp","href":"https:\/\/api.w.org\/{rel}","templated":true}]}}