{"id":26626,"date":"2023-12-28T16:15:46","date_gmt":"2023-12-28T16:15:46","guid":{"rendered":"https:\/\/ipris.digital\/les-tic-constituent-un-moteur-essentiel-du-developpement-et-un-catalyseur-de-la-croissance-economique-dans-toute-lafrique-les-regulateurs-nationaux-sont-charges-de-faciliter-le-developpement\/"},"modified":"2023-12-28T16:15:46","modified_gmt":"2023-12-28T16:15:46","slug":"entretiens-avec-les-anr","status":"publish","type":"page","link":"https:\/\/ipris-test.dsv.su.se\/index.php\/entretiens-avec-les-anr\/","title":{"rendered":"Entretiens avec les ANR"},"content":{"rendered":"<p>[et_pb_section fb_built=&#8221;1&#8243; custom_padding_last_edited=&#8221;on|desktop&#8221; _builder_version=&#8221;4.23.1&#8243; _module_preset=&#8221;default&#8221; background_color=&#8221;#9E0372&#8243; use_background_color_gradient=&#8221;on&#8221; background_color_gradient_stops=&#8221;rgba(158,3,114,0.78) 0%|#9e0372 99%&#8221; background_color_gradient_overlays_image=&#8221;on&#8221; background_image=&#8221;https:\/\/ipris-test.dsv.su.se\/wp-content\/uploads\/2023\/11\/Blog.webp&#8221; custom_padding=&#8221;||||false|false&#8221; custom_padding_tablet=&#8221;10rem||2rem||false|false&#8221; custom_padding_phone=&#8221;0rem||2rem||false|false&#8221; locked=&#8221;off&#8221; global_colors_info=&#8221;{}&#8221;][et_pb_row _builder_version=&#8221;4.23.1&#8243; _module_preset=&#8221;default&#8221; custom_padding=&#8221;||0px|||&#8221; global_colors_info=&#8221;{}&#8221;][et_pb_column type=&#8221;4_4&#8243; _builder_version=&#8221;4.23.1&#8243; _module_preset=&#8221;default&#8221; global_colors_info=&#8221;{}&#8221;][et_pb_text _builder_version=&#8221;4.23.1&#8243; _dynamic_attributes=&#8221;content&#8221; _module_preset=&#8221;default&#8221; text_font=&#8221;|800|||||||&#8221; text_text_color=&#8221;#FFFFFF&#8221; text_font_size=&#8221;32px&#8221; header_font=&#8221;|800||on|||||&#8221; header_font_size=&#8221;32px&#8221; header_line_height=&#8221;1.1em&#8221; custom_padding=&#8221;||8px||false|false&#8221; text_font_size_tablet=&#8221;32px&#8221; text_font_size_phone=&#8221;20px&#8221; text_font_size_last_edited=&#8221;on|phone&#8221; custom_css_before=&#8221;content:%22%22;||position:absolute;||bottom:-2px;||left:0;||height:4px;||width:4rem;||background-color:#f56200;&#8221; border_color_all=&#8221;#F56200&#8243; border_width_bottom=&#8221;1px&#8221; global_colors_info=&#8221;{}&#8221;]@ET-DC@eyJkeW5hbWljIjp0cnVlLCJjb250ZW50IjoicG9zdF90aXRsZSIsInNldHRpbmdzIjp7ImJlZm9yZSI6IiIsImFmdGVyIjoiIn19@[\/et_pb_text][\/et_pb_column][\/et_pb_row][\/et_pb_section][et_pb_section fb_built=&#8221;1&#8243; _builder_version=&#8221;4.23.1&#8243; background_color=&#8221;#f7f8f9&#8243; custom_padding=&#8221;18px|||||&#8221; locked=&#8221;off&#8221; global_colors_info=&#8221;{}&#8221;][et_pb_row _builder_version=&#8221;4.23.1&#8243; _module_preset=&#8221;default&#8221; custom_margin=&#8221;-25px|auto||auto||&#8221; global_colors_info=&#8221;{}&#8221;][et_pb_column type=&#8221;4_4&#8243; _builder_version=&#8221;4.23.1&#8243; _module_preset=&#8221;default&#8221; global_colors_info=&#8221;{}&#8221;][et_pb_text _builder_version=&#8221;4.23.1&#8243; _module_preset=&#8221;default&#8221; global_colors_info=&#8221;{}&#8221;]<\/p>\n<p><span>Les TIC sont un moteur essentiel du d\u00e9veloppement et un catalyseur de la croissance \u00e9conomique en Afrique. Les r\u00e9gulateurs nationaux sont charg\u00e9s de faciliter le d\u00e9veloppement du secteur de l&#8217;information et de la communication (TIC) au niveau national.<\/span><\/p>\n<p><span>Des autorit\u00e9s nationales de r\u00e9gulation (ANR) repr\u00e9sentant le Kenya, la Namibie, le Nig\u00e9ria, la Sierra Leone, le Sud-Soudan et la Zambie ont particip\u00e9 \u00e0 un programme de formation de deux semaines et demie \u00e0 Stockholm, en Su\u00e8de, en novembre 2023 dans le cadre du cycle iPRIS 2023A.<\/span><\/p>\n<p>Dans cette s\u00e9rie d&#8217;entretiens, les repr\u00e9sentants des ANR participantes nous \u00e9clairent sur leur contexte national et sur la mani\u00e8re dont ils font progresser le secteur des TIC dans leurs pays respectifs.<\/p>\n<p>[\/et_pb_text][\/et_pb_column][\/et_pb_row][et_pb_row _builder_version=&#8221;4.23.1&#8243; _module_preset=&#8221;default&#8221; custom_margin=&#8221;-25px|auto||auto||&#8221; global_colors_info=&#8221;{}&#8221;][et_pb_column type=&#8221;4_4&#8243; _builder_version=&#8221;4.23.1&#8243; _module_preset=&#8221;default&#8221; global_colors_info=&#8221;{}&#8221;][difl_postgrid post_display=&#8221;by_category&#8221; include_categories=&#8221;54,55&#8243; _builder_version=&#8221;4.23.1&#8243; _module_preset=&#8221;default&#8221; global_colors_info=&#8221;{}&#8221;][difl_postitem type=&#8221;image&#8221; _builder_version=&#8221;4.23.1&#8243; _module_preset=&#8221;default&#8221; global_colors_info=&#8221;{}&#8221;][\/difl_postitem][difl_postitem type=&#8221;title&#8221; _builder_version=&#8221;4.23.1&#8243; _module_preset=&#8221;default&#8221; post_font_style_font=&#8221;|600|||||||&#8221; post_font_style_text_color=&#8221;#9E0372&#8243; post_font_style_font_size=&#8221;15px&#8221; post_font_style_line_height=&#8221;1.2em&#8221; global_colors_info=&#8221;{}&#8221;][\/difl_postitem][\/difl_postgrid][\/et_pb_column][\/et_pb_row][\/et_pb_section][et_pb_section fb_built=&#8221;1&#8243; admin_label=&#8221;Footer French&#8221; _builder_version=&#8221;4.23.1&#8243; _module_preset=&#8221;default&#8221; background_color=&#8221;#9E0372&#8243; custom_padding=&#8221;0px||0px|||&#8221; global_module=&#8221;26489&#8243; locked=&#8221;off&#8221; collapsed=&#8221;off&#8221; global_colors_info=&#8221;{}&#8221;][et_pb_row column_structure=&#8221;1_3,1_3,1_3&#8243; use_custom_gutter=&#8221;on&#8221; make_equal=&#8221;on&#8221; _builder_version=&#8221;4.23.1&#8243; _module_preset=&#8221;default&#8221; width=&#8221;90%&#8221; global_colors_info=&#8221;{}&#8221;][et_pb_column type=&#8221;1_3&#8243; _builder_version=&#8221;4.23.1&#8243; _module_preset=&#8221;default&#8221; global_colors_info=&#8221;{}&#8221;][et_pb_text _builder_version=&#8221;4.23.1&#8243; _module_preset=&#8221;default&#8221; header_4_font=&#8221;|700|||||||&#8221; header_4_text_color=&#8221;#FFFFFF&#8221; global_colors_info=&#8221;{}&#8221;]<\/p>\n<h4>Liens rapides<\/h4>\n<p>[\/et_pb_text][et_pb_text _builder_version=&#8221;4.23.1&#8243; _dynamic_attributes=&#8221;link_option_url&#8221; _module_preset=&#8221;default&#8221; text_text_color=&#8221;#FFFFFF&#8221; link_option_url=&#8221;@ET-DC@eyJkeW5hbWljIjp0cnVlLCJjb250ZW50IjoiaG9tZV91cmwiLCJzZXR0aW5ncyI6e319@&#8221; global_colors_info=&#8221;{}&#8221;]<\/p>\n<p><span style=\"font-weight: 400;\">Accueil<\/span><\/p>\n<p>[\/et_pb_text][et_pb_text _builder_version=&#8221;4.23.1&#8243; _dynamic_attributes=&#8221;link_option_url&#8221; _module_preset=&#8221;default&#8221; text_text_color=&#8221;#FFFFFF&#8221; link_option_url=&#8221;@ET-DC@eyJkeW5hbWljIjp0cnVlLCJjb250ZW50IjoicG9zdF9saW5rX3VybF9wYWdlIiwic2V0dGluZ3MiOnsicG9zdF9pZCI6IjcwIn19@&#8221; global_colors_info=&#8221;{}&#8221;]<\/p>\n<p>Actualit\u00e9s<\/p>\n<p>[\/et_pb_text][et_pb_code _builder_version=&#8221;4.23.1&#8243; _module_preset=&#8221;default&#8221; global_colors_info=&#8221;{}&#8221;][\/et_pb_code][et_pb_code _builder_version=&#8221;4.23.1&#8243; _module_preset=&#8221;default&#8221; global_colors_info=&#8221;{}&#8221;][\/et_pb_code][\/et_pb_column][et_pb_column type=&#8221;1_3&#8243; _builder_version=&#8221;4.23.1&#8243; _module_preset=&#8221;default&#8221; global_colors_info=&#8221;{}&#8221;][et_pb_text _builder_version=&#8221;4.23.1&#8243; _module_preset=&#8221;default&#8221; header_4_font=&#8221;|700|||||||&#8221; header_4_text_color=&#8221;#FFFFFF&#8221; global_colors_info=&#8221;{}&#8221;]<\/p>\n<h4>Contacts<\/h4>\n<p>[\/et_pb_text][et_pb_text _builder_version=&#8221;4.23.1&#8243; _module_preset=&#8221;default&#8221; text_text_color=&#8221;#f4f4f4&#8243; text_line_height=&#8221;2em&#8221; global_colors_info=&#8221;{}&#8221;]<\/p>\n<p>Borgarfjordsgatan 12, Kista, SU\u00c8DE<br \/><span data-contrast=\"auto\">Adresse postale: Stockholm University, Department of Computer and Systems Sciences\/DSV, SPIDER, P.O Box 7003, SE-164 07 Kista, Sweden<\/span><span data-ccp-props=\"{&quot;201341983&quot;:0,&quot;335559740&quot;:360}\">\u00a0<\/span><\/p>\n<p>[\/et_pb_text][et_pb_text _builder_version=&#8221;4.23.1&#8243; _module_preset=&#8221;default&#8221; header_4_font=&#8221;|700|||||||&#8221; header_4_text_color=&#8221;#FFFFFF&#8221; global_colors_info=&#8221;{}&#8221;]<\/p>\n<h4>Contactez-nous<\/h4>\n<p>[\/et_pb_text][et_pb_social_media_follow icon_color=&#8221;#FFFFFF&#8221; _builder_version=&#8221;4.23.1&#8243; _module_preset=&#8221;default&#8221; custom_padding=&#8221;||||false|false&#8221; border_radii=&#8221;on|100px|100px|100px|100px&#8221; global_colors_info=&#8221;{}&#8221;][et_pb_social_media_follow_network social_network=&#8221;twitter&#8221; url=&#8221;https:\/\/twitter.com\/iPRIS_digital&#8221; _builder_version=&#8221;4.23.1&#8243; _module_preset=&#8221;default&#8221; global_colors_info=&#8221;{}&#8221; follow_button=&#8221;off&#8221; url_new_window=&#8221;on&#8221;]X[\/et_pb_social_media_follow_network][et_pb_social_media_follow_network social_network=&#8221;linkedin&#8221; url=&#8221;https:\/\/www.linkedin.com\/company\/ipris-project\/%20&#8243; _builder_version=&#8221;4.23.1&#8243; _module_preset=&#8221;default&#8221; global_colors_info=&#8221;{}&#8221; follow_button=&#8221;off&#8221; url_new_window=&#8221;on&#8221;]linkedin[\/et_pb_social_media_follow_network][et_pb_social_media_follow_network social_network=&#8221;instagram&#8221; url=&#8221;https:\/\/www.instagram.com\/ipris_digital\/&#8221; _builder_version=&#8221;4.23.1&#8243; _module_preset=&#8221;default&#8221; global_colors_info=&#8221;{}&#8221; follow_button=&#8221;off&#8221; url_new_window=&#8221;on&#8221;]instagram[\/et_pb_social_media_follow_network][et_pb_social_media_follow_network social_network=&#8221;youtube&#8221; url=&#8221;https:\/\/youtube.com\/@iPRISDigital?si=5zc6doxNWbAiq_jphttps:\/\/www.youtube.com\/channel\/UC4FUqvRkm0GcFYNh-OJ6Spw&#8221; _builder_version=&#8221;4.23.1&#8243; _module_preset=&#8221;default&#8221; global_colors_info=&#8221;{}&#8221; follow_button=&#8221;off&#8221; url_new_window=&#8221;on&#8221;]youtube[\/et_pb_social_media_follow_network][et_pb_social_media_follow_network social_network=&#8221;flikr&#8221; url=&#8221;https:\/\/www.flickr.com\/photos\/199674358@N05\/albums&#8221; _builder_version=&#8221;4.23.1&#8243; _module_preset=&#8221;default&#8221; global_colors_info=&#8221;{}&#8221; follow_button=&#8221;off&#8221; url_new_window=&#8221;on&#8221;]flikr[\/et_pb_social_media_follow_network][et_pb_social_media_follow_network social_network=&#8221;spotify&#8221; url=&#8221;https:\/\/open.spotify.com\/show\/6VqIH8WWLeceA4oB1MUEtd?si=c8a82edcc0ac45fb&#8221; _builder_version=&#8221;4.23.1&#8243; _module_preset=&#8221;default&#8221; global_colors_info=&#8221;{}&#8221; follow_button=&#8221;off&#8221; url_new_window=&#8221;on&#8221;]spotify[\/et_pb_social_media_follow_network][\/et_pb_social_media_follow][et_pb_text _builder_version=&#8221;4.23.1&#8243; _module_preset=&#8221;default&#8221; text_text_color=&#8221;#F56200&#8243; link_text_color=&#8221;#FFFFFF&#8221; header_text_color=&#8221;#F56200&#8243; header_3_text_color=&#8221;#F56200&#8243; global_colors_info=&#8221;{}&#8221;]<\/p>\n<h3><a href=\"https:\/\/us9.list-manage.com\/contact-form?u=4e6c70abb97cb2c8303356d5b&amp;form_id=bf54bf90408731489266845cae4e00f5\">Cliquez ici pour nous contacter !<\/a><\/h3>\n<p>[\/et_pb_text][\/et_pb_column][et_pb_column type=&#8221;1_3&#8243; _builder_version=&#8221;4.23.1&#8243; _module_preset=&#8221;default&#8221; global_colors_info=&#8221;{}&#8221;][et_pb_text _builder_version=&#8221;4.23.1&#8243; _module_preset=&#8221;default&#8221; header_4_font=&#8221;|700|||||||&#8221; header_4_text_color=&#8221;#FFFFFF&#8221; global_colors_info=&#8221;{}&#8221;]<\/p>\n<h4>Abonnez-vous<\/h4>\n<p>[\/et_pb_text][et_pb_code _builder_version=&#8221;4.23.1&#8243; _module_preset=&#8221;default&#8221; custom_margin=&#8221;-26px|||||&#8221; custom_margin_tablet=&#8221;-26px|||||&#8221; custom_margin_phone=&#8221;-26px|||||&#8221; custom_margin_last_edited=&#8221;on|desktop&#8221; global_colors_info=&#8221;{}&#8221;]<\/p>\n<div id=\"mc_embed_shell\"><!-- [et_pb_line_break_holder] -->    <link href=\"\/\/cdn-images.mailchimp.com\/embedcode\/classic-061523.css\" rel=\"stylesheet\" type=\"text\/css\"><!-- [et_pb_line_break_holder] -->    <\/p>\n<style type=\"text\/css\"><!-- [et_pb_line_break_holder] -->        #mc_embed_signup {<!-- [et_pb_line_break_holder] -->            background: transparent;<!-- [et_pb_line_break_holder] -->            false;<!-- [et_pb_line_break_holder] -->            clear: left;<!-- [et_pb_line_break_holder] -->            font: 14px Helvetica, Arial, sans-serif;<!-- [et_pb_line_break_holder] -->            width: 600px;<!-- [et_pb_line_break_holder] -->            color: white;<!-- [et_pb_line_break_holder] -->        }<!-- [et_pb_line_break_holder] -->        #mc_embed_signup h2 {<!-- [et_pb_line_break_holder] -->            color: white;<!-- [et_pb_line_break_holder] -->        }<!-- [et_pb_line_break_holder] -->        #mc_embed_signup .button {<!-- [et_pb_line_break_holder] -->            background-color: #F56200; \/* Change button background color *\/<!-- [et_pb_line_break_holder] -->            color: white; \/* Change button text color *\/<!-- [et_pb_line_break_holder] -->        }<!-- [et_pb_line_break_holder] -->    <\/style>\n<p><!-- [et_pb_line_break_holder] -->    <\/p>\n<div id=\"mc_embed_signup\"><!-- [et_pb_line_break_holder] -->        <\/p>\n<form action=\"https:\/\/digital.us9.list-manage.com\/subscribe\/post?u=4e6c70abb97cb2c8303356d5b&#038;id=859b9130d7&#038;f_id=00e43be1f0\" method=\"post\" id=\"mc-embedded-subscribe-form\" name=\"mc-embedded-subscribe-form\" class=\"validate\" target=\"_blank\"><!-- [et_pb_line_break_holder] -->            <\/p>\n<div id=\"mc_embed_signup_scroll\"><!-- [et_pb_line_break_holder] -->                <!-- [et_pb_line_break_holder] -->                <\/p>\n<div class=\"indicates-required\"><span class=\"asterisk\">*<\/span> indicates required<\/div>\n<p><!-- [et_pb_line_break_holder] --><\/p>\n<div class=\"mc-field-group\"><!-- [et_pb_line_break_holder] -->                    <label for=\"mce-EMAIL\">Adresse e-mail <span class=\"asterisk\">*<\/span><\/label><!-- [et_pb_line_break_holder] -->                    <input type=\"email\" name=\"EMAIL\" class=\"required email\" id=\"mce-EMAIL\" required=\"\" value=\"\"><!-- [et_pb_line_break_holder] -->                    <span id=\"mce-EMAIL-HELPERTEXT\" class=\"helper_text\"><\/span><!-- [et_pb_line_break_holder] -->                <\/div>\n<p><!-- [et_pb_line_break_holder] -->                <\/p>\n<div class=\"mc-field-group\"><!-- [et_pb_line_break_holder] -->                    <label for=\"mce-FNAME\">Pr\u00e9nom <\/label><!-- [et_pb_line_break_holder] -->                    <input type=\"text\" name=\"FNAME\" class=\" text\" id=\"mce-FNAME\" value=\"\"><!-- [et_pb_line_break_holder] -->                <\/div>\n<p><!-- [et_pb_line_break_holder] -->                <\/p>\n<div class=\"mc-field-group\"><!-- [et_pb_line_break_holder] -->                    <label for=\"mce-LNAME\">Nom de famille<\/label><!-- [et_pb_line_break_holder] -->                    <input type=\"text\" name=\"LNAME\" class=\" text\" id=\"mce-LNAME\" value=\"\"><!-- [et_pb_line_break_holder] -->                <\/div>\n<p><!-- [et_pb_line_break_holder] -->                <\/p>\n<div id=\"mce-responses\" class=\"clear foot\"><!-- [et_pb_line_break_holder] -->                    <\/p>\n<div class=\"response\" id=\"mce-error-response\" style=\"display: none;\"><\/div>\n<p><!-- [et_pb_line_break_holder] -->                    <\/p>\n<div class=\"response\" id=\"mce-success-response\" style=\"display: none;\"><\/div>\n<p><!-- [et_pb_line_break_holder] -->                <\/div>\n<p><!-- [et_pb_line_break_holder] -->                <\/p>\n<div aria-hidden=\"true\" style=\"position: absolute; left: -5000px;\"><!-- [et_pb_line_break_holder] -->                    <input type=\"text\" name=\"b_4e6c70abb97cb2c8303356d5b_859b9130d7\" tabindex=\"-1\" value=\"\"><!-- [et_pb_line_break_holder] -->                <\/div>\n<p><!-- [et_pb_line_break_holder] -->                <\/p>\n<div class=\"optionalParent\"><!-- [et_pb_line_break_holder] -->                    <\/p>\n<div class=\"clear foot\"><!-- [et_pb_line_break_holder] -->                        <input type=\"submit\" name=\"subscribe\" id=\"mc-embedded-subscribe\" class=\"button\" value=\"Je m\u2019abonne\"><!-- [et_pb_line_break_holder] -->                        <pee style=\"margin: 0px auto;\"><a href=\"http:\/\/eepurl.com\/iLZrIw\" title=\"Mailchimp - email marketing made easy and fun\"><span style=\"display: inline-block; background-color: transparent; border-radius: 4px;\"><!-- [et_pb_line_break_holder] -->                        <\/span><\/a><\/pee><!-- [et_pb_line_break_holder] -->                    <\/div>\n<p><!-- [et_pb_line_break_holder] -->                <\/div>\n<p><!-- [et_pb_line_break_holder] -->            <\/div>\n<p><!-- [et_pb_line_break_holder] -->        <\/form>\n<p><!-- [et_pb_line_break_holder] -->    <\/div>\n<p><!-- [et_pb_line_break_holder] -->    <script type=\"text\/javascript\" src=\"\/\/s3.amazonaws.com\/downloads.mailchimp.com\/js\/mc-validate.js\"><\/script><!-- [et_pb_line_break_holder] -->    <script type=\"text\/javascript\">(function($) {window.fnames = new Array(); window.ftypes = new Array();fnames[0]='EMAIL';ftypes[0]='email';fnames[1]='FNAME';ftypes[1]='text';fnames[2]='LNAME';ftypes[2]='text';fnames[3]='ADDRESS';ftypes[3]='address';fnames[4]='PHONE';ftypes[4]='phone';fnames[5]='BIRTHDAY';ftypes[5]='birthday';}(jQuery));var $mcj = jQuery.noConflict(true);<\/script><!-- [et_pb_line_break_holder] --><\/div>\n<p><!-- [et_pb_line_break_holder] -->[\/et_pb_code][\/et_pb_column][\/et_pb_row][\/et_pb_section][et_pb_section fb_built=&#8221;1&#8243; admin_label=&#8221;Logo Strip French&#8221; _builder_version=&#8221;4.23.1&#8243; _module_preset=&#8221;default&#8221; background_color=&#8221;#f7ece3&#8243; custom_padding=&#8221;0px||0px|||&#8221; global_module=&#8221;26493&#8243; collapsed=&#8221;off&#8221; global_colors_info=&#8221;{}&#8221;][et_pb_row column_structure=&#8221;1_4,1_4,1_4,1_4&#8243; use_custom_gutter=&#8221;on&#8221; gutter_width=&#8221;1&#8243; make_equal=&#8221;on&#8221; disabled_on=&#8221;on|off|off&#8221; _builder_version=&#8221;4.23.1&#8243; _module_preset=&#8221;default&#8221; background_enable_color=&#8221;off&#8221; max_width=&#8221;2560px&#8221; module_alignment=&#8221;center&#8221; custom_padding=&#8221;8px||0px|||&#8221; global_colors_info=&#8221;{}&#8221;][et_pb_column type=&#8221;1_4&#8243; _builder_version=&#8221;4.23.1&#8243; _module_preset=&#8221;default&#8221; custom_padding=&#8221;0px|0px|0px|0px|true|true&#8221; custom_css_main_element=&#8221;width: 10% !important;&#8221; global_colors_info=&#8221;{}&#8221;][et_pb_image src=&#8221;https:\/\/ipris-test.dsv.su.se\/wp-content\/uploads\/2023\/12\/normal-reproduction-high-resolution.jpg&#8221; title_text=&#8221;normal-reproduction-high-resolution&#8221; show_bottom_space=&#8221;off&#8221; align=&#8221;center&#8221; _builder_version=&#8221;4.23.1&#8243; _module_preset=&#8221;default&#8221; width=&#8221;67%&#8221; custom_margin=&#8221;5px||||false|false&#8221; global_colors_info=&#8221;{}&#8221;][\/et_pb_image][\/et_pb_column][et_pb_column type=&#8221;1_4&#8243; _builder_version=&#8221;4.23.1&#8243; _module_preset=&#8221;default&#8221; custom_css_main_element=&#8221;width: 45% !important;&#8221; global_colors_info=&#8221;{}&#8221;][et_pb_text _builder_version=&#8221;4.23.1&#8243; _module_preset=&#8221;default&#8221; text_text_color=&#8221;#000000&#8243; text_font_size=&#8221;13px&#8221; text_line_height=&#8221;1.3em&#8221; global_colors_info=&#8221;{}&#8221;]<\/p>\n<p>&#8220;iPRIS est un projet soutenu dans le cadre de l&#8217;initiative Team Europe&#8221;D4D pour l&#8217;\u00e9conomie num\u00e9rique et la soci\u00e9t\u00e9 en Afrique subsaharienne&#8221; (Code : 001). Le projet est rendu possible gr\u00e2ce au cofinancement de l&#8217;UE, de la Su\u00e8de et du Luxembourg. Le contenu de ce site web rel\u00e8ve de la seule responsabilit\u00e9 des partenaires de mise en \u0153uvre et ne r\u00e9fl\u00e8te pas n\u00e9cessairement les vues de l&#8217;Union Europ\u00e9enne, de la Su\u00e8de ou du Luxembourg&#8221;<\/p>\n<p>[\/et_pb_text][\/et_pb_column][et_pb_column type=&#8221;1_4&#8243; _builder_version=&#8221;4.23.1&#8243; _module_preset=&#8221;default&#8221; custom_css_main_element=&#8221;width: 15% !important;&#8221; global_colors_info=&#8221;{}&#8221;][et_pb_image src=&#8221;https:\/\/ipris-test.dsv.su.se\/wp-content\/uploads\/2023\/11\/Screenshot_2023-11-22_at_09.43.27-removebg-preview.png&#8221; title_text=&#8221;Screenshot_2023-11-22_at_09.43.27-removebg-preview&#8221; _builder_version=&#8221;4.23.1&#8243; _module_preset=&#8221;default&#8221; custom_padding=&#8221;0px||0px||true|false&#8221; global_colors_info=&#8221;{}&#8221;][\/et_pb_image][\/et_pb_column][et_pb_column type=&#8221;1_4&#8243; _builder_version=&#8221;4.23.1&#8243; _module_preset=&#8221;default&#8221; custom_css_main_element=&#8221;width: 15% !important;&#8221; global_colors_info=&#8221;{}&#8221;][et_pb_image src=&#8221;https:\/\/ipris-test.dsv.su.se\/wp-content\/uploads\/2023\/11\/lux.png&#8221; title_text=&#8221;lux&#8221; _builder_version=&#8221;4.23.1&#8243; _module_preset=&#8221;default&#8221; custom_padding=&#8221;0px||0px||true|false&#8221; global_colors_info=&#8221;{}&#8221;][\/et_pb_image][\/et_pb_column][\/et_pb_row][et_pb_row column_structure=&#8221;1_3,1_3,1_3&#8243; disabled_on=&#8221;off|on|on&#8221; _builder_version=&#8221;4.23.1&#8243; _module_preset=&#8221;default&#8221; background_enable_color=&#8221;off&#8221; width=&#8221;100%&#8221; custom_padding=&#8221;|5px|0px|5px|false|true&#8221; custom_css_main_element=&#8221;display: flex;&#8221; global_colors_info=&#8221;{}&#8221;][et_pb_column type=&#8221;1_3&#8243; _builder_version=&#8221;4.23.1&#8243; _module_preset=&#8221;default&#8221; custom_css_main_element=&#8221;width: 15% !important;&#8221; global_colors_info=&#8221;{}&#8221;][et_pb_image src=&#8221;https:\/\/ipris-test.dsv.su.se\/wp-content\/uploads\/2023\/12\/normal-reproduction-high-resolution.jpg&#8221; title_text=&#8221;normal-reproduction-high-resolution&#8221; align=&#8221;right&#8221; _builder_version=&#8221;4.23.1&#8243; _module_preset=&#8221;default&#8221; global_colors_info=&#8221;{}&#8221;][\/et_pb_image][\/et_pb_column][et_pb_column type=&#8221;1_3&#8243; _builder_version=&#8221;4.23.1&#8243; _module_preset=&#8221;default&#8221; custom_padding=&#8221;|5px||5px|false|true&#8221; custom_css_main_element=&#8221;width: 50% !important;&#8221; global_colors_info=&#8221;{}&#8221;][et_pb_text _builder_version=&#8221;4.23.1&#8243; _module_preset=&#8221;default&#8221; text_line_height=&#8221;1.4em&#8221; text_font_size_tablet=&#8221;&#8221; text_font_size_phone=&#8221;9px&#8221; text_font_size_last_edited=&#8221;on|phone&#8221; global_colors_info=&#8221;{}&#8221;]<\/p>\n<p>iPRIS is a project supported under the Team Europe Initiative \u201cD4D for Digital Economy and Society in Sub-Saharan Africa\u201d (Code: 001). The project is made possible with co-financing from the EU, Sweden and Luxembourg. The contents of this website are the sole responsibility of the implementing partners and do not necessarily reflect the views of the European Union, Sweden or Luxembourg.<\/p>\n<p>[\/et_pb_text][\/et_pb_column][et_pb_column type=&#8221;1_3&#8243; _builder_version=&#8221;4.23.1&#8243; _module_preset=&#8221;default&#8221; custom_css_main_element=&#8221;width: 30% !important;&#8221; global_colors_info=&#8221;{}&#8221;][et_pb_image src=&#8221;https:\/\/ipris-test.dsv.su.se\/wp-content\/uploads\/2023\/11\/Screenshot_2023-11-22_at_09.43.27-removebg-preview.png&#8221; title_text=&#8221;Screenshot_2023-11-22_at_09.43.27-removebg-preview&#8221; _builder_version=&#8221;4.23.1&#8243; _module_preset=&#8221;default&#8221; custom_margin=&#8221;0px||0px||true|false&#8221; custom_padding=&#8221;0px||0px||t<br \/>\nrue|false&#8221; global_colors_info=&#8221;{}&#8221;][\/et_pb_image][et_pb_image src=&#8221;https:\/\/ipris-test.dsv.su.se\/wp-content\/uploads\/2023\/11\/lux.png&#8221; title_text=&#8221;lux&#8221; _builder_version=&#8221;4.23.1&#8243; _module_preset=&#8221;default&#8221; custom_margin=&#8221;0px||0px||true|false&#8221; custom_padding=&#8221;0px||0px||true|false&#8221; global_colors_info=&#8221;{}&#8221;][\/et_pb_image][\/et_pb_column][\/et_pb_row][\/et_pb_section][et_pb_section fb_built=&#8221;1&#8243; admin_label=&#8221;Copyright French&#8221; _builder_version=&#8221;4.23.1&#8243; _module_preset=&#8221;default&#8221; background_color=&#8221;#9E0372&#8243; custom_padding=&#8221;0px||0px|||&#8221; global_module=&#8221;26494&#8243; locked=&#8221;off&#8221; collapsed=&#8221;off&#8221; global_colors_info=&#8221;{}&#8221;][et_pb_row _builder_version=&#8221;4.23.1&#8243; _module_preset=&#8221;default&#8221; background_color=&#8221;#9E0372&#8243; custom_padding=&#8221;1rem||1rem||false|false&#8221; collapsed=&#8221;on&#8221; global_colors_info=&#8221;{}&#8221;][et_pb_column type=&#8221;4_4&#8243; _builder_version=&#8221;4.23.1&#8243; _module_preset=&#8221;default&#8221; global_colors_info=&#8221;{}&#8221;][et_pb_text _builder_version=&#8221;4.23.1&#8243; _module_preset=&#8221;default&#8221; text_text_color=&#8221;#f4f4f4&#8243; text_line_height=&#8221;2em&#8221; global_colors_info=&#8221;{}&#8221;]<\/p>\n<p style=\"text-align: center;\">\u00a9 2024 iPRIS. Tous droits r\u00e9serv\u00e9s.<\/p>\n<p>[\/et_pb_text][\/et_pb_column][\/et_pb_row][\/et_pb_section]<\/p>\n","protected":false},"excerpt":{"rendered":"<p>Dans cette s\u00e9rie d&#8217;entretiens, les repr\u00e9sentants des NRA de Namibie, du Kenya, de Sierra Leone, de Zambie et du Nigeria ont mis en lumi\u00e8re leur contexte national et la mani\u00e8re dont ils font progresser le secteur des TIC dans leurs pays respectifs.<\/p>\n","protected":false},"author":2,"featured_media":0,"parent":0,"menu_order":0,"comment_status":"closed","ping_status":"closed","template":"","meta":{"_et_pb_use_builder":"on","_et_pb_old_content":"","_et_gb_content_width":"","footnotes":""},"class_list":["post-26626","page","type-page","status-publish","hentry"],"_links":{"self":[{"href":"https:\/\/ipris-test.dsv.su.se\/index.php\/wp-json\/wp\/v2\/pages\/26626","targetHints":{"allow":["GET"]}}],"collection":[{"href":"https:\/\/ipris-test.dsv.su.se\/index.php\/wp-json\/wp\/v2\/pages"}],"about":[{"href":"https:\/\/ipris-test.dsv.su.se\/index.php\/wp-json\/wp\/v2\/types\/page"}],"author":[{"embeddable":true,"href":"https:\/\/ipris-test.dsv.su.se\/index.php\/wp-json\/wp\/v2\/users\/2"}],"replies":[{"embeddable":true,"href":"https:\/\/ipris-test.dsv.su.se\/index.php\/wp-json\/wp\/v2\/comments?post=26626"}],"version-history":[{"count":0,"href":"https:\/\/ipris-test.dsv.su.se\/index.php\/wp-json\/wp\/v2\/pages\/26626\/revisions"}],"wp:attachment":[{"href":"https:\/\/ipris-test.dsv.su.se\/index.php\/wp-json\/wp\/v2\/media?parent=26626"}],"curies":[{"name":"wp","href":"https:\/\/api.w.org\/{rel}","templated":true}]}}