{"id":28927,"date":"2024-07-14T19:11:58","date_gmt":"2024-07-14T19:11:58","guid":{"rendered":"https:\/\/ipris.digital\/blog-de-demonstration\/"},"modified":"2024-07-14T19:11:58","modified_gmt":"2024-07-14T19:11:58","slug":"blog-de-demonstration","status":"publish","type":"page","link":"https:\/\/ipris-test.dsv.su.se\/index.php\/blog-de-demonstration\/","title":{"rendered":"blog de d\u00e9monstration"},"content":{"rendered":"<h6 class=\"tpg-widget-heading\">  NOUVELLES  <\/h6>\n<p>\t\t\t\t\t<a data-id=\"26305\" href=\"https:\/\/ipris.digital\/announcing-the-launch-of-ict-policy-regulation-institutional-strengthening-ipris-project\/\" target=\"_self\" rel=\"noopener\">                        <img loading=\"lazy\" decoding=\"async\" src=\"https:\/\/ipris-test.dsv.su.se\/wp-content\/uploads\/2023\/11\/iPRIS-logo.svg\" width=\"1\" height=\"1\" alt=\"Annonce du lancement du projet de renforcement institutionnel de la politique et de la r\u00e9glementation des TIC (iPRIS)\"><br \/>\n\t\t<\/a><\/p>\n<h4><a data-id=\"26305\" href=\"https:\/\/ipris.digital\/announcing-the-launch-of-ict-policy-regulation-institutional-strengthening-ipris-project\/\" target=\"_self\" rel=\"noopener\">Annonce du lancement du projet de renforcement institutionnel de la politique et de la r\u00e9glementation des TIC (iPRIS)<\/a><\/h4>\n<p>  ICT Policy &amp; Regulation &#8211; Institutional Strengthening (iPRIS) vise \u00e0 r\u00e9duire la fracture num\u00e9rique&#8230;  <a data-id=\"26305\" href=\"https:\/\/ipris.digital\/announcing-the-launch-of-ict-policy-regulation-institutional-strengthening-ipris-project\/\" target=\"_self\" rel=\"noopener\">                        <img loading=\"lazy\" decoding=\"async\" src=\"https:\/\/ipris-test.dsv.su.se\/wp-content\/uploads\/2023\/11\/iPRIS-logo.svg\" width=\"1\" height=\"1\" alt=\"Annonce du lancement du projet de renforcement institutionnel de la politique et de la r\u00e9glementation des TIC (iPRIS)\"><br \/>\n\t\t<\/a><\/p>\n<h3><a data-id=\"26305\" href=\"https:\/\/ipris.digital\/announcing-the-launch-of-ict-policy-regulation-institutional-strengthening-ipris-project\/\" target=\"_self\" rel=\"noopener\">Annonce du lancement de ICT Policy &amp; Regulation &#8211; Institutional<\/a><\/h3>\n<p>\t\t\t\t\t<a data-id=\"27278\" href=\"https:\/\/ipris.digital\/seven-african-ict-regulatory-authorities-participate-in-the-inaugural-ipris-training\/\" target=\"_self\" rel=\"noopener\">                        <img loading=\"lazy\" decoding=\"async\" src=\"https:\/\/ipris.digital\/wp-content\/uploads\/2024\/05\/53389410317_51321904cf_k-768x576.webp\" width=\"768\" height=\"576\" alt=\"Sept autorit\u00e9s africaines de r\u00e9gulation des TIC participent \u00e0 la premi\u00e8re formation iPRIS\"><br \/>\n\t\t<\/a><\/p>\n<h3><a data-id=\"27278\" href=\"https:\/\/ipris.digital\/seven-african-ict-regulatory-authorities-participate-in-the-inaugural-ipris-training\/\" target=\"_self\" rel=\"noopener\">Sept autorit\u00e9s africaines de r\u00e9gulation des TIC participent \u00e0 la premi\u00e8re \u00e9dition de l&#8217;iPRIS<\/a><\/h3>\n<p>\t\t\t\t\t<a data-id=\"946\" href=\"https:\/\/ipris.digital\/unlocking-ict-potential-ipris-project-revolutionises-regulatory-landscape-in-sub-saharan-africa\/\" target=\"_self\" rel=\"noopener\">                        <img loading=\"lazy\" decoding=\"async\" src=\"https:\/\/ipris-test.dsv.su.se\/wp-content\/uploads\/2023\/12\/WhatsApp-Image-2023-11-15-at-15.41.45-1-768x576.jpeg\" width=\"768\" height=\"576\" alt=\"Lib\u00e9rer le potentiel des TIC : le projet iPRIS r\u00e9volutionne le paysage r\u00e9glementaire en Afrique subsaharienne\"><br \/>\n\t\t<\/a><\/p>\n<h3><a data-id=\"946\" href=\"https:\/\/ipris.digital\/unlocking-ict-potential-ipris-project-revolutionises-regulatory-landscape-in-sub-saharan-africa\/\" target=\"_self\" rel=\"noopener\">Lib\u00e9rer le potentiel des TIC : le projet iPRIS r\u00e9volutionne le paysage r\u00e9glementaire en Afrique subsaharienne<\/a><\/h3>\n<p>\t\t\t\t\t<a data-id=\"25661\" href=\"https:\/\/ipris.digital\/interview-with-patricia-kemei-deputy-director-administration-communications-authority-of-kenya-on-digital-inclusion\/\" target=\"_self\" rel=\"noopener\">                        <img loading=\"lazy\" decoding=\"async\" src=\"https:\/\/ipris-test.dsv.su.se\/wp-content\/uploads\/2023\/12\/Patricia-Kimei-768x432.png\" width=\"768\" height=\"432\" alt=\"Entretien avec Patricia Kemei, directrice adjointe de l'administration de l'Autorit\u00e9 k\u00e9nyane des communications, sur l'inclusion num\u00e9rique\"><br \/>\n\t\t<\/a><\/p>\n<h3><a data-id=\"25661\" href=\"https:\/\/ipris.digital\/interview-with-patricia-kemei-deputy-director-administration-communications-authority-of-kenya-on-digital-inclusion\/\" target=\"_self\" rel=\"noopener\">Entretien avec Patricia Kemei &#8211; Directrice adjointe de l&#8217;administration, Autorit\u00e9 des communications<\/a><\/h3>\n<ul>\n<li>1<\/li>\n<li><a data-paged=\"2\" href=\"https:\/\/ipris.digital\/wp-admin\/admin-ajax.php?paged=2\">2<\/a><\/li>\n<li><a data-paged=\"3\" href=\"https:\/\/ipris.digital\/wp-admin\/admin-ajax.php?paged=3\">3<\/a><\/li>\n<li><a data-paged=\"4\" href=\"https:\/\/ipris.digital\/wp-admin\/admin-ajax.php?paged=4\">4<\/a><\/li>\n<li><a data-paged=\"5\" href=\"https:\/\/ipris.digital\/wp-admin\/admin-ajax.php?paged=5\">5<\/a><\/li>\n<li><a data-paged=\"6\" href=\"https:\/\/ipris.digital\/wp-admin\/admin-ajax.php?paged=6\">6<\/a><\/li>\n<li><a data-paged=\"7\" href=\"https:\/\/ipris.digital\/wp-admin\/admin-ajax.php?paged=7\">7<\/a><\/li>\n<li><a data-paged=\"8\" href=\"https:\/\/ipris.digital\/wp-admin\/admin-ajax.php?paged=8\">8<\/a><\/li>\n<\/ul>\n<h6 class=\"tpg-widget-heading\">  \u00c0 LIRE ABSOLUMENT  <\/h6>\n<p>\t\t\t\t\t<a data-id=\"27531\" href=\"https:\/\/ipris.digital\/the-2023-eaco-communications-sector-regional-report\/\" target=\"_self\" rel=\"noopener\">                        <img loading=\"lazy\" decoding=\"async\" src=\"https:\/\/ipris-test.dsv.su.se\/wp-content\/uploads\/2024\/06\/WhatsApp-Image-2024-06-27-at-10.06.33-1-768x1069.jpeg\" width=\"768\" height=\"1069\" alt=\"Le rapport r\u00e9gional 2023 de l'EACO sur le secteur des communications\"><br \/>\n\t\t<\/a><\/p>\n<h4><a data-id=\"27531\" href=\"https:\/\/ipris.digital\/the-2023-eaco-communications-sector-regional-report\/\" target=\"_self\" rel=\"noopener\">Le rapport r\u00e9gional 2023 de l&#8217;EACO sur le secteur des communications<\/a><\/h4>\n<h3><a data-id=\"28335\" href=\"https:\/\/ipris.digital\/togo-telecom-catalyst-for-interconnection-in-africa-2023-catalogue\/\" target=\"_self\" rel=\"noopener\">Togo Telecom : Catalyseur de l&#8217;interconnexion en Afrique &#8211; Catalogue 2023<\/a><\/h3>\n<h2 class=\"tpg-widget-heading\">  NOUVELLES  <\/h2>\n<p>\t\t\t\t\t<a data-id=\"26305\" href=\"https:\/\/ipris.digital\/announcing-the-launch-of-ict-policy-regulation-institutional-strengthening-ipris-project\/\" target=\"_self\" rel=\"noopener\">                        <img loading=\"lazy\" decoding=\"async\" src=\"https:\/\/ipris-test.dsv.su.se\/wp-content\/uploads\/2023\/11\/iPRIS-logo.svg\" width=\"1\" height=\"1\" alt=\"Annonce du lancement du projet de renforcement institutionnel de la politique et de la r\u00e9glementation des TIC (iPRIS)\"><br \/>\n\t\t<\/a><\/p>\n<h4><a data-id=\"26305\" href=\"https:\/\/ipris.digital\/announcing-the-launch-of-ict-policy-regulation-institutional-strengthening-ipris-project\/\" target=\"_self\" rel=\"noopener\">Annonce du lancement du projet de renforcement institutionnel de la politique et de la r\u00e9glementation des TIC (iPRIS)<\/a><\/h4>\n<p>  ICT Policy &amp; Regulation &#8211; Institutional Strengthening (iPRIS) vise \u00e0 r\u00e9duire la fracture num\u00e9rique en renfor\u00e7ant les capacit\u00e9s des autorit\u00e9s africaines de r\u00e9gulation des t\u00e9l\u00e9communications&#8230;  <\/p>\n<ul>\n<li>1<\/li>\n<li><a data-paged=\"2\" href=\"https:\/\/ipris.digital\/wp-admin\/admin-ajax.php?paged=2\">2<\/a><\/li>\n<li><a data-paged=\"3\" href=\"https:\/\/ipris.digital\/wp-admin\/admin-ajax.php?paged=3\">3<\/a><\/li>\n<li><a data-paged=\"4\" href=\"https:\/\/ipris.digital\/wp-admin\/admin-ajax.php?paged=4\">4<\/a><\/li>\n<li><a data-paged=\"5\" href=\"https:\/\/ipris.digital\/wp-admin\/admin-ajax.php?paged=5\">5<\/a><\/li>\n<li><a data-paged=\"2\" href=\"https:\/\/ipris.digital\/wp-admin\/admin-ajax.php?paged=2\" aria-label=\"Next\">&#8216;<\/a><\/li>\n<li><a data-paged=\"29\" href=\"https:\/\/ipris.digital\/wp-admin\/admin-ajax.php?paged=29\" aria-label=\"Last\">&#8220;<\/a><\/li>\n<\/ul>\n<p>\t\t\t\t\t<a data-id=\"27531\" href=\"https:\/\/ipris.digital\/the-2023-eaco-communications-sector-regional-report\/\" target=\"_self\" rel=\"noopener\">                        <img loading=\"lazy\" decoding=\"async\" src=\"https:\/\/ipris-test.dsv.su.se\/wp-content\/uploads\/2024\/06\/WhatsApp-Image-2024-06-27-at-10.06.33-1-768x1069.jpeg\" width=\"768\" height=\"1069\" alt=\"Le rapport r\u00e9gional 2023 de l'EACO sur le secteur des communications\"><br \/>\n\t\t<\/a><\/p>\n<h4><a data-id=\"27531\" href=\"https:\/\/ipris.digital\/the-2023-eaco-communications-sector-regional-report\/\" target=\"_self\" rel=\"noopener\">Le rapport r\u00e9gional 2023 de l&#8217;EACO sur le secteur des communications<\/a><\/h4>\n<p>\t\t\t\t\t<a data-id=\"27448\" href=\"https:\/\/ipris.digital\/29th-annual-assemblies-extraordinary-congress-of-eaco\/\" target=\"_self\" rel=\"noopener\">                        <img loading=\"lazy\" decoding=\"async\" src=\"https:\/\/ipris-test.dsv.su.se\/wp-content\/uploads\/2024\/06\/29th_Assemblies-1-768x388.jpg\" width=\"768\" height=\"388\" alt=\"29e assembl\u00e9e annuelle et congr\u00e8s extraordinaire de l'EACO\"><br \/>\n\t\t<\/a><\/p>\n<h4><a data-id=\"27448\" href=\"https:\/\/ipris.digital\/29th-annual-assemblies-extraordinary-congress-of-eaco\/\" target=\"_self\" rel=\"noopener\">29e assembl\u00e9e annuelle et congr\u00e8s extraordinaire de l&#8217;EACO<\/a><\/h4>\n<h6 class=\"tpg-widget-heading\">  LE PLUS POPULAIRE  <\/h6>\n<p>\t\t\t\t\t<a data-id=\"28335\" href=\"https:\/\/ipris.digital\/togo-telecom-catalyst-for-interconnection-in-africa-2023-catalogue\/\" target=\"_self\" rel=\"noopener\">                        <img loading=\"lazy\" decoding=\"async\" src=\"https:\/\/ipris-test.dsv.su.se\/wp-content\/uploads\/2024\/07\/2-3-768x293.jpg\" width=\"768\" height=\"293\" alt=\"Togo Telecom : Catalyseur de l'interconnexion en Afrique - Catalogue 2023\"><br \/>\n\t\t<\/a><\/p>\n<h4><a data-id=\"28335\" href=\"https:\/\/ipris.digital\/togo-telecom-catalyst-for-interconnection-in-africa-2023-catalogue\/\" target=\"_self\" rel=\"noopener\">Togo Telecom : Catalyseur de l&#8217;interconnexion en Afrique &#8211; Catalogue 2023<\/a><\/h4>\n<h3><a data-id=\"28335\" href=\"https:\/\/ipris.digital\/togo-telecom-catalyst-for-interconnection-in-africa-2023-catalogue\/\" target=\"_self\" rel=\"noopener\">Togo Telecom : Catalyseur de l&#8217;interconnexion en Afrique &#8211; Catalogue 2023<\/a><\/h3>\n<h3><a data-id=\"27912\" href=\"https:\/\/ipris.digital\/analysis-of-the-mobile-telephony-sector-in-congo-brazzaville-in-2023-trends-challenges-and-prospects\/\" target=\"_self\" rel=\"noopener\">Analyse du secteur de la t\u00e9l\u00e9phonie mobile au Congo &#8211; Brazzaville en 2023 : Tendances, enjeux et perspectives<\/a><\/h3>\n<h3><a data-id=\"27910\" href=\"https:\/\/ipris.digital\/diving-into-the-digital-economy-a-round-up-of-fratels-21st-seminar-in-lome\/\" target=\"_self\" rel=\"noopener\">Plonger dans l&#8217;\u00e9conomie num\u00e9rique : bilan du 21\u00e8me s\u00e9minaire de Fratel \u00e0 Lom\u00e9<\/a><\/h3>\n<h6 class=\"tpg-widget-heading\">  PLEINS FEUX SUR L&#8217;ANR  <\/h6>\n<p>\t\t\t\t\t<a data-id=\"946\" href=\"https:\/\/ipris.digital\/unlocking-ict-potential-ipris-project-revolutionises-regulatory-landscape-in-sub-saharan-africa\/\" target=\"_self\" rel=\"noopener\">                        <img loading=\"lazy\" decoding=\"async\" src=\"https:\/\/ipris-test.dsv.su.se\/wp-content\/uploads\/2023\/12\/WhatsApp-Image-2023-11-15-at-15.41.45-1-768x576.jpeg\" width=\"768\" height=\"576\" alt=\"Lib\u00e9rer le potentiel des TIC : le projet iPRIS r\u00e9volutionne le paysage r\u00e9glementaire en Afrique subsaharienne\"><br \/>\n\t\t<\/a><\/p>\n<h4><a data-id=\"946\" href=\"https:\/\/ipris.digital\/unlocking-ict-potential-ipris-project-revolutionises-regulatory-landscape-in-sub-saharan-africa\/\" target=\"_self\" rel=\"noopener\">Lib\u00e9rer le potentiel des TIC : le projet iPRIS r\u00e9volutionne le paysage r\u00e9glementaire en Afrique subsaharienne<\/a><\/h4>\n<p>  Le projet iPRIS (ICT Policy &amp; Regulation &#8211; Institutional Strengthening) annonce une nouvelle \u00e8re de&#8230;  <a data-id=\"26305\" href=\"https:\/\/ipris.digital\/announcing-the-launch-of-ict-policy-regulation-institutional-strengthening-ipris-project\/\" target=\"_self\" rel=\"noopener\">                        <img loading=\"lazy\" decoding=\"async\" src=\"https:\/\/ipris-test.dsv.su.se\/wp-content\/uploads\/2023\/11\/iPRIS-logo.svg\" width=\"1\" height=\"1\" alt=\"Annonce du lancement du projet de renforcement institutionnel de la politique et de la r\u00e9glementation des TIC (iPRIS)\"><br \/>\n\t\t<\/a><\/p>\n<h3><a data-id=\"26305\" href=\"https:\/\/ipris.digital\/announcing-the-launch-of-ict-policy-regulation-institutional-strengthening-ipris-project\/\" target=\"_self\" rel=\"noopener\">Annonce du lancement de ICT Policy &amp; Regulation &#8211; Institutional<\/a><\/h3>\n<p>\t\t\t\t\t<a data-id=\"27278\" href=\"https:\/\/ipris.digital\/seven-african-ict-regulatory-authorities-participate-in-the-inaugural-ipris-training\/\" target=\"_self\" rel=\"noopener\">                        <img loading=\"lazy\" decoding=\"async\" src=\"https:\/\/ipris.digital\/wp-content\/uploads\/2024\/05\/53389410317_51321904cf_k-768x576.webp\" width=\"768\" height=\"576\" alt=\"Sept autorit\u00e9s africaines de r\u00e9gulation des TIC participent \u00e0 la premi\u00e8re formation iPRIS\"><br \/>\n\t\t<\/a><\/p>\n<h3><a data-id=\"27278\" href=\"https:\/\/ipris.digital\/seven-african-ict-regulatory-authorities-participate-in-the-inaugural-ipris-training\/\" target=\"_self\" rel=\"noopener\">Sept autorit\u00e9s africaines de r\u00e9gulation des TIC participent \u00e0 la premi\u00e8re \u00e9dition de l&#8217;iPRIS<\/a><\/h3>\n<p>\t\t\t\t\t<a data-id=\"946\" href=\"https:\/\/ipris.digital\/unlocking-ict-potential-ipris-project-revolutionises-regulatory-landscape-in-sub-saharan-africa\/\" target=\"_self\" rel=\"noopener\">                        <img loading=\"lazy\" decoding=\"async\" src=\"https:\/\/ipris-test.dsv.su.se\/wp-content\/uploads\/2023\/12\/WhatsApp-Image-2023-11-15-at-15.41.45-1-768x576.jpeg\" width=\"768\" height=\"576\" alt=\"Lib\u00e9rer le potentiel des TIC : le projet iPRIS r\u00e9volutionne le paysage r\u00e9glementaire en Afrique subsaharienne\"><br \/>\n\t\t<\/a><\/p>\n<h3><a data-id=\"946\" href=\"https:\/\/ipris.digital\/unlocking-ict-potential-ipris-project-revolutionises-regulatory-landscape-in-sub-saharan-africa\/\" target=\"_self\" rel=\"noopener\">Lib\u00e9rer le potentiel des TIC : le projet iPRIS r\u00e9volutionne le paysage r\u00e9glementaire en Afrique subsaharienne<\/a><\/h3>\n<p>\t\t\t\t\t<a data-id=\"25661\" href=\"https:\/\/ipris.digital\/interview-with-patricia-kemei-deputy-director-administration-communications-authority-of-kenya-on-digital-inclusion\/\" target=\"_self\" rel=\"noopener\">                        <img loading=\"lazy\" decoding=\"async\" src=\"https:\/\/ipris-test.dsv.su.se\/wp-content\/uploads\/2023\/12\/Patricia-Kimei-768x432.png\" width=\"768\" height=\"432\" alt=\"Entretien avec Patricia Kemei, directrice adjointe de l'administration de l'Autorit\u00e9 k\u00e9nyane des communications, sur l'inclusion num\u00e9rique\"><br \/>\n\t\t<\/a><\/p>\n<h3><a data-id=\"25661\" href=\"https:\/\/ipris.digital\/interview-with-patricia-kemei-deputy-director-administration-communications-authority-of-kenya-on-digital-inclusion\/\" target=\"_self\" rel=\"noopener\">Entretien avec Patricia Kemei &#8211; Directrice adjointe de l&#8217;administration, Autorit\u00e9 des communications<\/a><\/h3>\n<ul>\n<li>1<\/li>\n<li><a data-paged=\"2\" href=\"https:\/\/ipris.digital\/wp-admin\/admin-ajax.php?paged=2\">2<\/a><\/li>\n<li><a data-paged=\"3\" href=\"https:\/\/ipris.digital\/wp-admin\/admin-ajax.php?paged=3\">3<\/a><\/li>\n<li><a data-paged=\"4\" href=\"https:\/\/ipris.digital\/wp-admin\/admin-ajax.php?paged=4\">4<\/a><\/li>\n<li><a data-paged=\"5\" href=\"https:\/\/ipris.digital\/wp-admin\/admin-ajax.php?paged=5\">5<\/a><\/li>\n<li><a data-paged=\"6\" href=\"https:\/\/ipris.digital\/wp-admin\/admin-ajax.php?paged=6\">6<\/a><\/li>\n<li><a data-paged=\"7\" href=\"https:\/\/ipris.digital\/wp-admin\/admin-ajax.php?paged=7\">7<\/a><\/li>\n<li><a data-paged=\"8\" href=\"https:\/\/ipris.digital\/wp-admin\/admin-ajax.php?paged=8\">8<\/a><\/li>\n<\/ul>\n<h6 class=\"tpg-widget-heading\">  RAPPORTS  <\/h6>\n<p>\t\t\t\t\t<a data-id=\"26305\" href=\"https:\/\/ipris.digital\/announcing-the-launch-of-ict-policy-regulation-institutional-strengthening-ipris-project\/\" target=\"_self\" rel=\"noopener\">                        <img loading=\"lazy\" decoding=\"async\" src=\"https:\/\/ipris-test.dsv.su.se\/wp-content\/uploads\/2023\/11\/iPRIS-logo.svg\" width=\"1\" height=\"1\" alt=\"Annonce du lancement du projet de renforcement institutionnel de la politique et de la r\u00e9glementation des TIC (iPRIS)\"><br \/>\n\t\t<\/a><\/p>\n<h4><a data-id=\"26305\" href=\"https:\/\/ipris.digital\/announcing-the-launch-of-ict-policy-regulation-institutional-strengthening-ipris-project\/\" target=\"_self\" rel=\"noopener\">Annonce du lancement du projet de renforcement institutionnel de la politique et de la r\u00e9glementation des TIC (iPRIS)<\/a><\/h4>\n<p>  ICT Policy &amp; Regulation &#8211; Institutional Strengthening (iPRIS) vise \u00e0 r\u00e9duire la fracture num\u00e9rique&#8230;  <\/p>\n<h6 class=\"tpg-widget-heading\">  RECOMMAND\u00c9  <\/h6>\n<p>\t\t\t\t\t<a data-id=\"28335\" href=\"https:\/\/ipris.digital\/togo-telecom-catalyst-for-interconnection-in-africa-2023-catalogue\/\" target=\"_self\" rel=\"noopener\">                        <img loading=\"lazy\" decoding=\"async\" src=\"https:\/\/ipris-test.dsv.su.se\/wp-content\/uploads\/2024\/07\/2-3-768x293.jpg\" width=\"768\" height=\"293\" alt=\"Togo Telecom : Catalyseur de l'interconnexion en Afrique - Catalogue 2023\"><br \/>\n\t\t<\/a><\/p>\n<h4><a data-id=\"28335\" href=\"https:\/\/ipris.digital\/togo-telecom-catalyst-for-interconnection-in-africa-2023-catalogue\/\" target=\"_self\" rel=\"noopener\">Togo Telecom : Catalyseur de l&#8217;interconnexion en Afrique &#8211; Catalogue 2023<\/a><\/h4>\n<h3><a data-id=\"28335\" href=\"https:\/\/ipris.digital\/togo-telecom-catalyst-for-interconnection-in-africa-2023-catalogue\/\" target=\"_self\" rel=\"noopener\">Togo Telecom : Catalyseur de l&#8217;interconnexion en Afrique &#8211; Catalogue 2023<\/a><\/h3>\n<h3><a data-id=\"27912\" href=\"https:\/\/ipris.digital\/analysis-of-the-mobile-telephony-sector-in-congo-brazzaville-in-2023-trends-challenges-and-prospects\/\" target=\"_self\" rel=\"noopener\">Analyse du secteur de la t\u00e9l\u00e9phonie mobile au Congo &#8211; Brazzaville en 2023 : Tendances, enjeux et perspectives<\/a><\/h3>\n<h3><a data-id=\"27910\" href=\"https:\/\/ipris.digital\/diving-into-the-digital-economy-a-round-up-of-fratels-21st-seminar-in-lome\/\" target=\"_self\" rel=\"noopener\">Plonger dans l&#8217;\u00e9conomie num\u00e9rique : bilan du 21\u00e8me s\u00e9minaire de Fratel \u00e0 Lom\u00e9<\/a><\/h3>\n<h2>Podcast iPRIS<\/h2>\n<p>\t\t<iframe style=\"border-radius:12px\" src=\"https:\/\/open.spotify.com\/embed\/episode\/4GNWrKfnDHLmWzTVsd98XX?utm_source=generator\" width=\"100%\" height=\"352\" frameborder=\"0\" allowfullscreen=\"\" allow=\"autoplay; clipboard-write; encrypted-media; fullscreen; picture-in-picture\" loading=\"lazy\"><\/iframe><iframe style=\"border-radius:12px\" src=\"https:\/\/open.spotify.com\/embed\/episode\/3NcqY1uia30tQO2Q2dgUx4?utm_source=generator\" width=\"100%\" height=\"352\" frameborder=\"0\" allowfullscreen=\"\" allow=\"autoplay; clipboard-write; encrypted-media; fullscreen; picture-in-picture\" loading=\"lazy\"><\/iframe><iframe style=\"border-radius:12px\" src=\"https:\/\/open.spotify.com\/embed\/episode\/0blOF6OGhfunKQyFj7cdPb?utm_source=generator\" width=\"100%\" height=\"352\" frameborder=\"0\" allowfullscreen=\"\" allow=\"autoplay; clipboard-write; encrypted-media; fullscreen; picture-in-picture\" loading=\"lazy\"><\/iframe><iframe style=\"border-radius:12px\" src=\"https:\/\/open.spotify.com\/embed\/episode\/1NcaPMqH6r7EBTsjZZrhzM?utm_source=generator\" width=\"100%\" height=\"352\" frameborder=\"0\" allowfullscreen=\"\" allow=\"autoplay; clipboard-write; encrypted-media; fullscreen; picture-in-picture\" loading=\"lazy\"><\/iframe><iframe style=\"border-radius:12px\" src=\"https:\/\/open.spotify.com\/embed\/episode\/3d2JPSK4KpLmDGzLc6UvfE?utm_source=generator&amp;theme=0\" width=\"100%\" height=\"352\" frameborder=\"0\" allowfullscreen=\"\" allow=\"autoplay; clipboard-write; encrypted-media; fullscreen; picture-in-picture\" loading=\"lazy\"><\/iframe><iframe style=\"border-radius:12px\" src=\"https:\/\/open.spotify.com\/embed\/episode\/0D3Nqjx6wiDV4gdjsmcDgG?utm_source=generator\" width=\"100%\" height=\"352\" frameborder=\"0\" allowfullscreen=\"\" allow=\"autoplay; clipboard-write; encrypted-media; fullscreen; picture-in-picture\" loading=\"lazy\"><\/iframe><iframe style=\"border-radius:12px\" src=\"https:\/\/open.spotify.com\/embed\/episode\/3yhoHD7sUApEUcT0tAkg6S?utm_source=generator\" width=\"100%\" height=\"352\" frameborder=\"0\" allowfullscreen=\"\" allow=\"autoplay; clipboard-write; encrypted-media; fullscreen; picture-in-picture\" loading=\"lazy\"><\/iframe><\/p>\n","protected":false},"excerpt":{"rendered":"<p>NOUVELLES Annonce du lancement du projet de renforcement institutionnel de la politique et de la r\u00e9glementation des TIC (iPRIS) ICT Policy &amp; Regulation &#8211; Institutional Strengthening (iPRIS) vise \u00e0 r\u00e9duire la fracture num\u00e9rique&#8230; Annonce du lancement de ICT Policy &amp; Regulation &#8211; Institutional Sept autorit\u00e9s africaines de r\u00e9gulation des TIC participent \u00e0 la premi\u00e8re \u00e9dition [&hellip;]<\/p>\n","protected":false},"author":5,"featured_media":0,"parent":0,"menu_order":0,"comment_status":"closed","ping_status":"closed","template":"elementor_header_footer","meta":{"_et_pb_use_builder":"","_et_pb_old_content":"","_et_gb_content_width":"","footnotes":""},"class_list":["post-28927","page","type-page","status-publish","hentry"],"_links":{"self":[{"href":"https:\/\/ipris-test.dsv.su.se\/index.php\/wp-json\/wp\/v2\/pages\/28927","targetHints":{"allow":["GET"]}}],"collection":[{"href":"https:\/\/ipris-test.dsv.su.se\/index.php\/wp-json\/wp\/v2\/pages"}],"about":[{"href":"https:\/\/ipris-test.dsv.su.se\/index.php\/wp-json\/wp\/v2\/types\/page"}],"author":[{"embeddable":true,"href":"https:\/\/ipris-test.dsv.su.se\/index.php\/wp-json\/wp\/v2\/users\/5"}],"replies":[{"embeddable":true,"href":"https:\/\/ipris-test.dsv.su.se\/index.php\/wp-json\/wp\/v2\/comments?post=28927"}],"version-history":[{"count":0,"href":"https:\/\/ipris-test.dsv.su.se\/index.php\/wp-json\/wp\/v2\/pages\/28927\/revisions"}],"wp:attachment":[{"href":"https:\/\/ipris-test.dsv.su.se\/index.php\/wp-json\/wp\/v2\/media?parent=28927"}],"curies":[{"name":"wp","href":"https:\/\/api.w.org\/{rel}","templated":true}]}}