{"id":29070,"date":"2024-07-23T15:04:29","date_gmt":"2024-07-23T15:04:29","guid":{"rendered":"https:\/\/ipris.digital\/une-afrique-connectee\/"},"modified":"2024-07-23T15:04:29","modified_gmt":"2024-07-23T15:04:29","slug":"une-afrique-connectee","status":"publish","type":"page","link":"https:\/\/ipris-test.dsv.su.se\/index.php\/une-afrique-connectee\/","title":{"rendered":"Une Afrique connect\u00e9e"},"content":{"rendered":"<style>\/*! elementor - v3.23.0 - 23-07-2024 *\/\n.elementor-heading-title{padding:0;margin:0;line-height:1}.elementor-widget-heading .elementor-heading-title[class*=elementor-size-]>a{color:inherit;font-size:inherit;line-height:inherit}.elementor-widget-heading .elementor-heading-title.elementor-size-small{font-size:15px}.elementor-widget-heading .elementor-heading-title.elementor-size-medium{font-size:19px}.elementor-widget-heading .elementor-heading-title.elementor-size-large{font-size:29px}.elementor-widget-heading .elementor-heading-title.elementor-size-xl{font-size:39px}.elementor-widget-heading .elementor-heading-title.elementor-size-xxl{font-size:59px}<\/style>\n<h2>Renforcer les capacit\u00e9s des autorit\u00e9s africaines de <\/br>r\u00e9gulation des TIC par l&#8217;apprentissage entre pairs<\/h2>\n<p>\t\t\t\t\t\t\t<a href=\"https:\/\/ipris.digital\/fr\/apprentissage-de-pair-a-pair\/\" id=\"\"><br \/>\n\t\t\t\t\tAPPRENTISSAGE ENTRE PAIRS\t\t\t\t<\/a><br \/>\n\t\t\t\t\t\t\t<a href=\"https:\/\/ipris.digital\/fr\/une-afrique-connectee\/\" id=\"\"><br \/>\n\t\t\t\t\tUNE AFRIQUE CONNECT\u00c9E\t\t\t\t<\/a><br \/>\n\t\t\t\t\t\t\t<a href=\"https:\/\/ipris.digital\/fr\/rejoignez-nous\/\" id=\"\"><br \/>\n\t\t\t\t\tREJOIGNEZ-NOUS !\t\t\t\t<\/a><\/p>\n<style>\/*! elementor - v3.23.0 - 23-07-2024 *\/\n.elementor-widget-image-box .elementor-image-box-content{width:100%}@media (min-width:768px){.elementor-widget-image-box.elementor-position-left .elementor-image-box-wrapper,.elementor-widget-image-box.elementor-position-right .elementor-image-box-wrapper{display:flex}.elementor-widget-image-box.elementor-position-right .elementor-image-box-wrapper{text-align:end;flex-direction:row-reverse}.elementor-widget-image-box.elementor-position-left .elementor-image-box-wrapper{text-align:start;flex-direction:row}.elementor-widget-image-box.elementor-position-top .elementor-image-box-img{margin:auto}.elementor-widget-image-box.elementor-vertical-align-top .elementor-image-box-wrapper{align-items:flex-start}.elementor-widget-image-box.elementor-vertical-align-middle .elementor-image-box-wrapper{align-items:center}.elementor-widget-image-box.elementor-vertical-align-bottom .elementor-image-box-wrapper{align-items:flex-end}}@media (max-width:767px){.elementor-widget-image-box .elementor-image-box-img{margin-left:auto!important;margin-right:auto!important;margin-bottom:15px}}.elementor-widget-image-box .elementor-image-box-img{display:inline-block}.elementor-widget-image-box .elementor-image-box-title a{color:inherit}.elementor-widget-image-box .elementor-image-box-wrapper{text-align:center}.elementor-widget-image-box .elementor-image-box-description{margin:0}<\/style>\n<figure><img loading=\"lazy\" decoding=\"async\" width=\"446\" height=\"297\" src=\"https:\/\/ipris-test.dsv.su.se\/wp-content\/uploads\/2024\/07\/2-4.jpg\" alt=\"\" \/><\/figure>\n<p>iPRIS est un projet soutenu dans le cadre de l&#8217;initiative Team Europe \u00ab D4D pour l&#8217;\u00e9conomie et la soci\u00e9t\u00e9<br \/>\nnum\u00e9riques en Afrique subsaharienne \u00bb (Code : 001). Le projet est rendu possible gr\u00e2ce au cofinancement de l&#8217;UE, de la Su\u00e8de et du Luxembourg. Le contenu de ce site web rel\u00e8ve de la seule responsabilit\u00e9 des partenaires de mise en \u0153uvre et ne refl\u00e8te pas n\u00e9cessairement les opinions de l&#8217;Union europ\u00e9enne, de la Su\u00e8de ou du Luxembourg.<\/p>\n<style>\/*! elementor - v3.23.0 - 23-07-2024 *\/\n.elementor-widget-image{text-align:center}.elementor-widget-image a{display:inline-block}.elementor-widget-image a img[src$=\".svg\"]{width:48px}.elementor-widget-image img{vertical-align:middle;display:inline-block}<\/style>\n<p>\t\t\t\t\t\t\t\t\t\t<img loading=\"lazy\" decoding=\"async\" width=\"426\" height=\"111\" src=\"https:\/\/ipris-test.dsv.su.se\/wp-content\/uploads\/2024\/07\/Screenshot-2024-07-21-235816.png\" alt=\"\" \/><br \/>\n\t\t\t\t\t\t\t\t\t\t\t\t\t<img loading=\"lazy\" decoding=\"async\" width=\"937\" height=\"522\" src=\"https:\/\/ipris-test.dsv.su.se\/wp-content\/uploads\/2024\/07\/11-1.png\" alt=\"\" \/><br \/>\n\t\t\t\t\t\t\t\t\t\t\t\t\t<img loading=\"lazy\" decoding=\"async\" width=\"1080\" height=\"595\" src=\"https:\/\/ipris-test.dsv.su.se\/wp-content\/uploads\/2024\/07\/2-1-1100x606.png\" alt=\"\" \/><br \/>\n\t\t\t\t\t\t\t\t\t\t\t\t\t<img loading=\"lazy\" decoding=\"async\" width=\"1080\" height=\"613\" src=\"https:\/\/ipris-test.dsv.su.se\/wp-content\/uploads\/2024\/07\/3-1100x624.png\" alt=\"\" \/><br \/>\n\t\t\t\t\t\t\t\t\t\t\t\t\t<img loading=\"lazy\" decoding=\"async\" width=\"1080\" height=\"615\" src=\"https:\/\/ipris-test.dsv.su.se\/wp-content\/uploads\/2024\/07\/4-1-1100x626.png\" alt=\"\" \/><br \/>\n\t\t\t\t\t\t\t\t\t\t\t\t\t<img loading=\"lazy\" decoding=\"async\" width=\"1080\" height=\"614\" src=\"https:\/\/ipris-test.dsv.su.se\/wp-content\/uploads\/2024\/07\/5-1-1100x625.png\" alt=\"\" \/><br \/>\n\t\t\t\t\t\t\t\t\t\t\t\t\t<img loading=\"lazy\" decoding=\"async\" width=\"1080\" height=\"615\" src=\"https:\/\/ipris-test.dsv.su.se\/wp-content\/uploads\/2024\/07\/6-1-1100x626.png\" alt=\"\" \/><br \/>\n\t\t\t\t\t\t\t\t\t\t\t\t\t<img loading=\"lazy\" decoding=\"async\" width=\"1080\" height=\"562\" src=\"https:\/\/ipris-test.dsv.su.se\/wp-content\/uploads\/2024\/07\/7-1-1100x572.png\" alt=\"\" \/><\/p>\n","protected":false},"excerpt":{"rendered":"<p>Renforcer les capacit\u00e9s des autorit\u00e9s africaines de r\u00e9gulation des TIC par l&#8217;apprentissage entre pairs APPRENTISSAGE ENTRE PAIRS UNE AFRIQUE CONNECT\u00c9E REJOIGNEZ-NOUS ! iPRIS est un projet soutenu dans le cadre de l&#8217;initiative Team Europe \u00ab D4D pour l&#8217;\u00e9conomie et la soci\u00e9t\u00e9 num\u00e9riques en Afrique subsaharienne \u00bb (Code : 001). Le projet est rendu possible gr\u00e2ce [&hellip;]<\/p>\n","protected":false},"author":5,"featured_media":0,"parent":0,"menu_order":0,"comment_status":"closed","ping_status":"closed","template":"elementor_header_footer","meta":{"_et_pb_use_builder":"","_et_pb_old_content":"","_et_gb_content_width":"","footnotes":""},"class_list":["post-29070","page","type-page","status-publish","hentry"],"_links":{"self":[{"href":"https:\/\/ipris-test.dsv.su.se\/index.php\/wp-json\/wp\/v2\/pages\/29070","targetHints":{"allow":["GET"]}}],"collection":[{"href":"https:\/\/ipris-test.dsv.su.se\/index.php\/wp-json\/wp\/v2\/pages"}],"about":[{"href":"https:\/\/ipris-test.dsv.su.se\/index.php\/wp-json\/wp\/v2\/types\/page"}],"author":[{"embeddable":true,"href":"https:\/\/ipris-test.dsv.su.se\/index.php\/wp-json\/wp\/v2\/users\/5"}],"replies":[{"embeddable":true,"href":"https:\/\/ipris-test.dsv.su.se\/index.php\/wp-json\/wp\/v2\/comments?post=29070"}],"version-history":[{"count":0,"href":"https:\/\/ipris-test.dsv.su.se\/index.php\/wp-json\/wp\/v2\/pages\/29070\/revisions"}],"wp:attachment":[{"href":"https:\/\/ipris-test.dsv.su.se\/index.php\/wp-json\/wp\/v2\/media?parent=29070"}],"curies":[{"name":"wp","href":"https:\/\/api.w.org\/{rel}","templated":true}]}}