{"id":29367,"date":"2024-07-17T20:59:48","date_gmt":"2024-07-17T20:59:48","guid":{"rendered":"https:\/\/ipris.digital\/sabonner\/"},"modified":"2024-07-17T20:59:48","modified_gmt":"2024-07-17T20:59:48","slug":"sabonner","status":"publish","type":"page","link":"https:\/\/ipris-test.dsv.su.se\/index.php\/sabonner\/","title":{"rendered":"S&#8217;abonner"},"content":{"rendered":"<style>\/*! elementor - v3.23.0 - 25-07-2024 *\/\n.elementor-heading-title{padding:0;margin:0;line-height:1}.elementor-widget-heading .elementor-heading-title[class*=elementor-size-]>a{color:inherit;font-size:inherit;line-height:inherit}.elementor-widget-heading .elementor-heading-title.elementor-size-small{font-size:15px}.elementor-widget-heading .elementor-heading-title.elementor-size-medium{font-size:19px}.elementor-widget-heading .elementor-heading-title.elementor-size-large{font-size:29px}.elementor-widget-heading .elementor-heading-title.elementor-size-xl{font-size:39px}.elementor-widget-heading .elementor-heading-title.elementor-size-xxl{font-size:59px}<\/style>\n<h2>Inscrivez-vous pour recevoir la newsletter iPRIS<\/h2>\n<p><strong>La newsletter iPRIS vous propose nos derni\u00e8res actualit\u00e9s sur les urgences, les droits humains, l&#8217;\u00e9galit\u00e9 des genres et bien plus encore. Elle inclut \u00e9galement nos offres d&#8217;emploi et stages les plus r\u00e9cents, ainsi que des points forts de notre travail \u00e0 travers le monde.<\/strong><\/p>\n<form id=\"wpforms-form-28219\" data-formid=\"28219\" method=\"post\" enctype=\"multipart\/form-data\" action=\"\/wp-admin\/admin-ajax.php\" data-token=\"2ba79bf10dfbd39a39f57a9ef12406ee\" data-token-time=\"1722009603\"><noscript>Please enable JavaScript in your browser to complete this form.<\/noscript>Please enable JavaScript in your browser to complete this form.<\/p>\n<fieldset>\n<legend>Name *<\/legend>\n<p><input type=\"text\" id=\"wpforms-28219-field_1\" name=\"wpforms[fields][1][first]\" aria-errormessage=\"wpforms-28219-field_1-error\" required><label for=\"wpforms-28219-field_1\">First<\/label><input type=\"text\" id=\"wpforms-28219-field_1-last\" name=\"wpforms[fields][1][last]\" aria-errormessage=\"wpforms-28219-field_1-last-error\" required><label for=\"wpforms-28219-field_1-last\">Last<\/label><\/fieldset>\n<p><label for=\"wpforms-28219-field_2\">Email *<\/label><input type=\"email\" id=\"wpforms-28219-field_2\" name=\"wpforms[fields][2]\" spellcheck=\"false\" aria-errormessage=\"wpforms-28219-field_2-error\" required><label for=\"wpforms-28219-field_3\">Company<\/label><input type=\"text\" id=\"wpforms-28219-field_3\" name=\"wpforms[fields][3]\" aria-errormessage=\"wpforms-28219-field_3-error\" ><!-- .wpforms-field-container --><input type=\"hidden\" name=\"wpforms[id]\" value=\"28219\">\t\t\t<input\n\t\t\t\ttype=\"hidden\"\n\t\t\t\tname=\"wpforms[nonce]\"\n\t\t\t\tvalue=\"956c4f0365\"\n\t\t\t\/><br \/>\n\t\t\t<input type=\"hidden\" name=\"page_title\" value=\"\"><input type=\"hidden\" name=\"page_url\" value=\"https:\/\/ipris.digital\/wp-admin\/admin-ajax.php\"><button type=\"submit\" name=\"wpforms[submit]\" id=\"wpforms-submit-28219\" data-alt-text=\"Sending...\" data-submit-text=\"Submit\" aria-live=\"assertive\" value=\"wpforms-submit\">Submit<\/button><img loading=\"lazy\" decoding=\"async\" src=\"https:\/\/ipris.digital\/wp-content\/plugins\/wpforms-lite\/assets\/images\/submit-spin.svg\" style=\"display: none;\" width=\"26\" height=\"26\" alt=\"Loading\"><\/form>\n<p>  <!-- .wpforms-container --><\/p>\n","protected":false},"excerpt":{"rendered":"<p>Inscrivez-vous pour recevoir la newsletter iPRIS La newsletter iPRIS vous propose nos derni\u00e8res actualit\u00e9s sur les urgences, les droits humains, l&#8217;\u00e9galit\u00e9 des genres et bien plus encore. Elle inclut \u00e9galement nos offres d&#8217;emploi et stages les plus r\u00e9cents, ainsi que des points forts de notre travail \u00e0 travers le monde. Please enable JavaScript in your [&hellip;]<\/p>\n","protected":false},"author":5,"featured_media":0,"parent":0,"menu_order":0,"comment_status":"closed","ping_status":"closed","template":"elementor_header_footer","meta":{"_et_pb_use_builder":"","_et_pb_old_content":"","_et_gb_content_width":"","footnotes":""},"class_list":["post-29367","page","type-page","status-publish","hentry"],"_links":{"self":[{"href":"https:\/\/ipris-test.dsv.su.se\/index.php\/wp-json\/wp\/v2\/pages\/29367","targetHints":{"allow":["GET"]}}],"collection":[{"href":"https:\/\/ipris-test.dsv.su.se\/index.php\/wp-json\/wp\/v2\/pages"}],"about":[{"href":"https:\/\/ipris-test.dsv.su.se\/index.php\/wp-json\/wp\/v2\/types\/page"}],"author":[{"embeddable":true,"href":"https:\/\/ipris-test.dsv.su.se\/index.php\/wp-json\/wp\/v2\/users\/5"}],"replies":[{"embeddable":true,"href":"https:\/\/ipris-test.dsv.su.se\/index.php\/wp-json\/wp\/v2\/comments?post=29367"}],"version-history":[{"count":0,"href":"https:\/\/ipris-test.dsv.su.se\/index.php\/wp-json\/wp\/v2\/pages\/29367\/revisions"}],"wp:attachment":[{"href":"https:\/\/ipris-test.dsv.su.se\/index.php\/wp-json\/wp\/v2\/media?parent=29367"}],"curies":[{"name":"wp","href":"https:\/\/api.w.org\/{rel}","templated":true}]}}